{"id":1427,"date":"2025-04-12T19:09:03","date_gmt":"2025-04-12T19:09:03","guid":{"rendered":"https:\/\/barparlapapp.ch\/?page_id=1427"},"modified":"2025-04-14T11:57:31","modified_gmt":"2025-04-14T11:57:31","slug":"lola","status":"publish","type":"page","link":"https:\/\/barparlapapp.ch\/en\/angebot\/lola\/","title":{"rendered":"Lola"},"content":{"rendered":"<p>[et_pb_section fb_built=&#8221;1&#8243; fullwidth=&#8221;on&#8221; admin_label=&#8221;Header&#8221; _builder_version=&#8221;4.27.4&#8243; _module_preset=&#8221;default&#8221; background_enable_color=&#8221;off&#8221; use_background_color_gradient=&#8221;on&#8221; background_color_gradient_stops=&#8221;rgba(33,33,33,0.22) 1%|#212121 100%&#8221; background_color_gradient_overlays_image=&#8221;on&#8221; background_image=&#8221;https:\/\/barparlapapp.ch\/wp-content\/uploads\/2025\/03\/\u00a9-LOLA-eve-kohler.jpg&#8221; width_tablet=&#8221;&#8221; width_phone=&#8221;&#8221; width_last_edited=&#8221;on|desktop&#8221; max_width_tablet=&#8221;&#8221; max_width_phone=&#8221;&#8221; max_width_last_edited=&#8221;on|desktop&#8221; min_height=&#8221;60vh&#8221; min_height_tablet=&#8221;&#8221; min_height_phone=&#8221;&#8221; min_height_last_edited=&#8221;on|desktop&#8221; height=&#8221;450px&#8221; height_tablet=&#8221;auto&#8221; height_phone=&#8221;auto&#8221; height_last_edited=&#8221;on|tablet&#8221; max_height_tablet=&#8221;&#8221; max_height_phone=&#8221;&#8221; max_height_last_edited=&#8221;on|desktop&#8221; background_last_edited=&#8221;on|desktop&#8221; module_alignment_tablet=&#8221;&#8221; module_alignment_phone=&#8221;&#8221; module_alignment_last_edited=&#8221;on|desktop&#8221; locked=&#8221;off&#8221; global_colors_info=&#8221;{}&#8221;][et_pb_fullwidth_header title=&#8221;Lola&#8221; subhead=&#8221;Alkoholfreie Biere mit Geschmack&#8221; button_one_url=&#8221;https:\/\/barparlapapp.ch\/#mitmachen&#8221; button_two_url=&#8221;https:\/\/barparlapapp.ch\/#mitmachen&#8221; title_tablet=&#8221;BAR.&#8221; title_phone=&#8221;BAR.&#8221; title_last_edited=&#8221;off|desktop&#8221; subhead_tablet=&#8221;Ab Fr\u00fchling 2024 auf dem Expopark in Biel\/Bienne \u2013 F\u00fcr mindestens 3 Jahre.&#8221; subhead_phone=&#8221;Ab Fr\u00fchling 2024 auf dem Expopark in Biel\/Bienne. F\u00fcr mindestens 3 Jahre. &#8221; subhead_last_edited=&#8221;off|desktop&#8221; button_one_text_last_edited=&#8221;off|desktop&#8221; button_two_text_last_edited=&#8221;off|desktop&#8221; logo_image_url_tablet=&#8221;&#8221; logo_image_url_phone=&#8221;&#8221; logo_image_url_last_edited=&#8221;on|phone&#8221; header_image_url_tablet=&#8221;&#8221; header_image_url_phone=&#8221;&#8221; header_image_url_last_edited=&#8221;on|tablet&#8221; content_last_edited=&#8221;off|desktop&#8221; _builder_version=&#8221;4.27.4&#8243; _module_preset=&#8221;default&#8221; title_font=&#8221;|800|||||||&#8221; title_text_color=&#8221;#FFFFFF&#8221; title_font_size=&#8221;130px&#8221; title_line_height=&#8221;1.1em&#8221; content_text_align=&#8221;left&#8221; content_text_color=&#8221;#000000&#8243; subhead_text_color=&#8221;#F6F6F6&#8243; subhead_font_size=&#8221;30px&#8221; subhead_line_height=&#8221;1.3em&#8221; background_color=&#8221;RGBA(255,255,255,0)&#8221; custom_button_one=&#8221;on&#8221; button_one_text_color=&#8221;#212121&#8243; button_one_bg_color=&#8221;#F6F6F6&#8243; button_one_border_width=&#8221;0px&#8221; button_one_font=&#8221;|600|||||||&#8221; button_one_custom_margin_tablet=&#8221;&#8221; button_one_custom_margin_phone=&#8221;&#8221; button_one_custom_margin_last_edited=&#8221;on|desktop&#8221; button_one_custom_padding_tablet=&#8221;&#8221; button_one_custom_padding_phone=&#8221;&#8221; button_one_custom_padding_last_edited=&#8221;on|desktop&#8221; custom_button_two=&#8221;on&#8221; button_two_text_color=&#8221;#212121&#8243; button_two_bg_color=&#8221;#F6F6F6&#8243; button_two_border_width=&#8221;0px&#8221; button_two_font=&#8221;|600|||||||&#8221; button_two_custom_margin_tablet=&#8221;&#8221; button_two_custom_margin_phone=&#8221;&#8221; button_two_custom_margin_last_edited=&#8221;on|desktop&#8221; button_two_custom_padding_tablet=&#8221;&#8221; button_two_custom_padding_phone=&#8221;&#8221; button_two_custom_padding_last_edited=&#8221;on|desktop&#8221; custom_margin_tablet=&#8221;&#8221; custom_margin_phone=&#8221;&#8221; custom_margin_last_edited=&#8221;on|tablet&#8221; custom_padding_tablet=&#8221;||||false|false&#8221; custom_padding_phone=&#8221;||||false|false&#8221; custom_padding_last_edited=&#8221;on|tablet&#8221; hover_enabled=&#8221;0&#8243; title_font_tablet=&#8221;|800|||||||&#8221; title_font_phone=&#8221;|800|||||||&#8221; title_font_last_edited=&#8221;on|desktop&#8221; title_text_align_tablet=&#8221;&#8221; title_text_align_phone=&#8221;&#8221; title_text_align_last_edited=&#8221;on|desktop&#8221; title_text_color_tablet=&#8221;&#8221; title_text_color_phone=&#8221;&#8221; title_text_color_last_edited=&#8221;on|desktop&#8221; title_font_size_tablet=&#8221;100px&#8221; title_font_size_phone=&#8221;50px&#8221; title_font_size_last_edited=&#8221;on|phone&#8221; title_letter_spacing_tablet=&#8221;&#8221; title_letter_spacing_phone=&#8221;&#8221; title_letter_spacing_last_edited=&#8221;on|desktop&#8221; title_line_height_tablet=&#8221;1em&#8221; title_line_height_phone=&#8221;1.1em&#8221; title_line_height_last_edited=&#8221;off|desktop&#8221; content_font_tablet=&#8221;&#8221; content_font_phone=&#8221;&#8221; content_font_last_edited=&#8221;on|desktop&#8221; content_text_align_last_edited=&#8221;off|phone&#8221; content_text_color_tablet=&#8221;#000000&#8243; content_text_color_phone=&#8221;#000000&#8243; content_text_color_last_edited=&#8221;on|desktop&#8221; content_font_size_tablet=&#8221;&#8221; content_font_size_phone=&#8221;&#8221; content_font_size_last_edited=&#8221;on|desktop&#8221; content_letter_spacing_tablet=&#8221;&#8221; content_letter_spacing_phone=&#8221;&#8221; content_letter_spacing_last_edited=&#8221;on|desktop&#8221; content_line_height_tablet=&#8221;&#8221; content_line_height_phone=&#8221;&#8221; content_line_height_last_edited=&#8221;on|desktop&#8221; subhead_font_tablet=&#8221;&#8221; subhead_font_phone=&#8221;&#8221; subhead_font_last_edited=&#8221;on|desktop&#8221; subhead_text_align_tablet=&#8221;&#8221; subhead_text_align_phone=&#8221;&#8221; subhead_text_align_last_edited=&#8221;on|desktop&#8221; subhead_text_color_tablet=&#8221;#F6F6F6&#8243; subhead_text_color_phone=&#8221;#F6F6F6&#8243; subhead_text_color_last_edited=&#8221;on|desktop&#8221; subhead_font_size_tablet=&#8221;22px&#8221; subhead_font_size_phone=&#8221;18px&#8221; subhead_font_size_last_edited=&#8221;on|desktop&#8221; subhead_letter_spacing_tablet=&#8221;&#8221; subhead_letter_spacing_phone=&#8221;&#8221; subhead_letter_spacing_last_edited=&#8221;on|desktop&#8221; subhead_line_height_tablet=&#8221;1.3em&#8221; subhead_line_height_phone=&#8221;1.3em&#8221; subhead_line_height_last_edited=&#8221;on|desktop&#8221; background_last_edited=&#8221;on|desktop&#8221; button_one_text_size_tablet=&#8221;&#8221; button_one_text_size_phone=&#8221;&#8221; button_one_text_size_last_edited=&#8221;on|desktop&#8221; button_one_text_color_tablet=&#8221;#212121&#8243; button_one_text_color_phone=&#8221;#212121&#8243; button_one_text_color_last_edited=&#8221;on|desktop&#8221; button_one_bg_color_tablet=&#8221;#F6F6F6&#8243; button_one_bg_color_phone=&#8221;#F6F6F6&#8243; button_one_bg_color_last_edited=&#8221;on|desktop&#8221; button_one_border_width_tablet=&#8221;0px&#8221; button_one_border_width_phone=&#8221;0px&#8221; button_one_border_width_last_edited=&#8221;on|desktop&#8221; button_one_border_color_tablet=&#8221;&#8221; button_one_border_color_phone=&#8221;&#8221; button_one_border_color_last_edited=&#8221;on|desktop&#8221; button_one_border_radius_tablet=&#8221;&#8221; button_one_border_radius_phone=&#8221;&#8221; button_one_border_radius_last_edited=&#8221;on|desktop&#8221; button_one_letter_spacing_tablet=&#8221;&#8221; button_one_letter_spacing_phone=&#8221;&#8221; button_one_letter_spacing_last_edited=&#8221;on|desktop&#8221; button_one_font_tablet=&#8221;|600|||||||&#8221; button_one_font_phone=&#8221;|600|||||||&#8221; button_one_font_last_edited=&#8221;on|desktop&#8221; button_one_icon_tablet=&#8221;&#8221; button_one_icon_phone=&#8221;&#8221; button_one_icon_last_edited=&#8221;on|desktop&#8221; button_one_icon_color_tablet=&#8221;&#8221; button_one_icon_color_phone=&#8221;&#8221; button_one_icon_color_last_edited=&#8221;on|desktop&#8221; button_one_icon_placement_tablet=&#8221;&#8221; button_one_icon_placement_phone=&#8221;&#8221; button_one_icon_placement_last_edited=&#8221;on|desktop&#8221; button_one_on_hover_tablet=&#8221;&#8221; button_one_on_hover_phone=&#8221;&#8221; button_one_on_hover_last_edited=&#8221;on|desktop&#8221; button_two_text_size_tablet=&#8221;&#8221; button_two_text_size_phone=&#8221;&#8221; button_two_text_size_last_edited=&#8221;on|desktop&#8221; button_two_text_color_tablet=&#8221;#212121&#8243; button_two_text_color_phone=&#8221;#212121&#8243; button_two_text_color_last_edited=&#8221;on|desktop&#8221; button_two_bg_color_tablet=&#8221;#F6F6F6&#8243; button_two_bg_color_phone=&#8221;#F6F6F6&#8243; button_two_bg_color_last_edited=&#8221;on|desktop&#8221; button_two_border_width_tablet=&#8221;0px&#8221; button_two_border_width_phone=&#8221;0px&#8221; button_two_border_width_last_edited=&#8221;on|desktop&#8221; button_two_border_color_tablet=&#8221;&#8221; button_two_border_color_phone=&#8221;&#8221; button_two_border_color_last_edited=&#8221;on|desktop&#8221; button_two_border_radius_tablet=&#8221;&#8221; button_two_border_radius_phone=&#8221;&#8221; button_two_border_radius_last_edited=&#8221;on|desktop&#8221; button_two_letter_spacing_tablet=&#8221;&#8221; button_two_letter_spacing_phone=&#8221;&#8221; button_two_letter_spacing_last_edited=&#8221;on|desktop&#8221; button_two_font_tablet=&#8221;|600|||||||&#8221; button_two_font_phone=&#8221;|600|||||||&#8221; button_two_font_last_edited=&#8221;on|desktop&#8221; button_two_icon_tablet=&#8221;&#8221; button_two_icon_phone=&#8221;&#8221; button_two_icon_last_edited=&#8221;on|desktop&#8221; button_two_icon_color_tablet=&#8221;&#8221; button_two_icon_color_phone=&#8221;&#8221; button_two_icon_color_last_edited=&#8221;on|desktop&#8221; button_two_icon_placement_tablet=&#8221;&#8221; button_two_icon_placement_phone=&#8221;&#8221; button_two_icon_placement_last_edited=&#8221;on|desktop&#8221; button_two_on_hover_tablet=&#8221;&#8221; button_two_on_hover_phone=&#8221;&#8221; button_two_on_hover_last_edited=&#8221;on|desktop&#8221; background_layout_tablet=&#8221;&#8221; background_layout_phone=&#8221;&#8221; background_layout_last_edited=&#8221;on|desktop&#8221; border_radii_tablet=&#8221;&#8221; border_radii_phone=&#8221;&#8221; border_radii_last_edited=&#8221;on|desktop&#8221; border_width_all_tablet=&#8221;&#8221; border_width_all_phone=&#8221;&#8221; border_width_all_last_edited=&#8221;on|desktop&#8221; border_color_all_tablet=&#8221;&#8221; border_color_all_phone=&#8221;&#8221; border_color_all_last_edited=&#8221;on|desktop&#8221; border_style_all_tablet=&#8221;&#8221; border_style_all_phone=&#8221;&#8221; border_style_all_last_edited=&#8221;on|desktop&#8221; global_colors_info=&#8221;{}&#8221; sticky_enabled=&#8221;0&#8243;][\/et_pb_fullwidth_header][\/et_pb_section][et_pb_section fb_built=&#8221;1&#8243; disabled_on=&#8221;off|off|off&#8221; _builder_version=&#8221;4.24.2&#8243; _module_preset=&#8221;default&#8221; global_colors_info=&#8221;{}&#8221;][et_pb_row _builder_version=&#8221;4.27.4&#8243; _module_preset=&#8221;default&#8221; global_colors_info=&#8221;{}&#8221;][et_pb_column type=&#8221;4_4&#8243; _builder_version=&#8221;4.27.4&#8243; _module_preset=&#8221;default&#8221; global_colors_info=&#8221;{}&#8221;][et_pb_button button_url=&#8221;@ET-DC@eyJkeW5hbWljIjp0cnVlLCJjb250ZW50IjoicG9zdF9saW5rX3VybF9wYWdlIiwic2V0dGluZ3MiOnsicG9zdF9pZCI6IjEwMDAifX0=@&#8221; button_text=&#8221;Zum Angebot&#8221; button_alignment=&#8221;center&#8221; _builder_version=&#8221;4.27.4&#8243; _dynamic_attributes=&#8221;button_url&#8221; _module_preset=&#8221;default&#8221; custom_button=&#8221;on&#8221; button_text_color=&#8221;#212121&#8243; global_colors_info=&#8221;{}&#8221;][\/et_pb_button][\/et_pb_column][\/et_pb_row][et_pb_row _builder_version=&#8221;4.27.4&#8243; _module_preset=&#8221;default&#8221; global_colors_info=&#8221;{}&#8221;][et_pb_column type=&#8221;4_4&#8243; _builder_version=&#8221;4.27.4&#8243; _module_preset=&#8221;default&#8221; global_colors_info=&#8221;{}&#8221;][et_pb_text _builder_version=&#8221;4.27.4&#8243; _module_preset=&#8221;default&#8221; global_colors_info=&#8221;{}&#8221;]<\/p>\n<p>LOLA steht f\u00fcr hochwertige, alkoholfreie Biere, die in Kooperation mit dem Brauhaus Nittenau gebraut werden. Die Biere zeichnen sich durch ihren vollen Geschmack und die Verwendung ausgew\u00e4hlter Zutaten aus. Mit Sitz in Bern engagiert sich LOLA f\u00fcr die F\u00f6rderung der alkoholfreien Bierkultur in der Schweiz.<\/p>\n<p>[\/et_pb_text][\/et_pb_column][\/et_pb_row][et_pb_row _builder_version=&#8221;4.27.4&#8243; _module_preset=&#8221;default&#8221; global_colors_info=&#8221;{}&#8221;][et_pb_column type=&#8221;4_4&#8243; _builder_version=&#8221;4.27.4&#8243; _module_preset=&#8221;default&#8221; global_colors_info=&#8221;{}&#8221;][et_pb_heading title=&#8221;ENGAGEMENT.&#8221; _builder_version=&#8221;4.27.4&#8243; _module_preset=&#8221;default&#8221; title_level=&#8221;h2&#8243; title_text_color=&#8221;#000000&#8243; global_colors_info=&#8221;{}&#8221;][\/et_pb_heading][\/et_pb_column][\/et_pb_row][et_pb_row column_structure=&#8221;3_4,1_4&#8243; use_custom_gutter=&#8221;on&#8221; custom_padding_last_edited=&#8221;on|phone&#8221; _builder_version=&#8221;4.27.4&#8243; _module_preset=&#8221;default&#8221; custom_margin=&#8221;||||false|false&#8221; custom_padding=&#8221;20px||20px||true|false&#8221; custom_padding_tablet=&#8221;20px||20px||true|false&#8221; custom_padding_phone=&#8221;5px||5px||true|false&#8221; custom_css_main_element=&#8221;align-items: center;&#8221; global_colors_info=&#8221;{}&#8221;][et_pb_column type=&#8221;3_4&#8243; _builder_version=&#8221;4.27.4&#8243; _module_preset=&#8221;default&#8221; global_colors_info=&#8221;{}&#8221;][et_pb_text _builder_version=&#8221;4.27.4&#8243; _module_preset=&#8221;default&#8221; global_colors_info=&#8221;{}&#8221;]<\/p>\n<p><strong>Soziale Integration:<\/strong> LOLA f\u00f6rdert die beruflichen Chancen und sozialen F\u00e4higkeiten von Menschen mit Suchtproblematik oder schwierigen Lebensl\u00e4ufen, indem es ihnen Arbeits- und Ausbildungspl\u00e4tze in den Quartierl\u00e4den und im Getr\u00e4nkesektor bietet.<\/p>\n<p>[\/et_pb_text][\/et_pb_column][et_pb_column type=&#8221;1_4&#8243; _builder_version=&#8221;4.27.4&#8243; _module_preset=&#8221;default&#8221; global_colors_info=&#8221;{}&#8221;][et_pb_code raw_content_last_edited=&#8221;off|desktop&#8221; admin_label=&#8221;BIENE.&#8221; _builder_version=&#8221;4.27.4&#8243; _module_preset=&#8221;default&#8221; text_orientation=&#8221;center&#8221; width_tablet=&#8221;&#8221; width_phone=&#8221;&#8221; width_last_edited=&#8221;on|desktop&#8221; max_width_tablet=&#8221;&#8221; max_width_phone=&#8221;&#8221; max_width_last_edited=&#8221;on|desktop&#8221; module_alignment=&#8221;center&#8221; min_height_tablet=&#8221;&#8221; min_height_phone=&#8221;&#8221; min_height_last_edited=&#8221;on|desktop&#8221; height_tablet=&#8221;&#8221; height_phone=&#8221;&#8221; height_last_edited=&#8221;on|desktop&#8221; max_height_tablet=&#8221;&#8221; max_height_phone=&#8221;&#8221; max_height_last_edited=&#8221;on|desktop&#8221; text_orientation_tablet=&#8221;center&#8221; text_orientation_phone=&#8221;center&#8221; text_orientation_last_edited=&#8221;on|desktop&#8221; module_alignment_tablet=&#8221;center&#8221; module_alignment_phone=&#8221;center&#8221; module_alignment_last_edited=&#8221;on|desktop&#8221; global_colors_info=&#8221;{}&#8221;]<script src=\"https:\/\/cdn.lordicon.com\/lordicon-1.3.0.js\"><\/script><!-- [et_pb_line_break_holder] --><lord-icon<!-- [et_pb_line_break_holder] -->    src=&#8221;https:\/\/cdn.lordicon.com\/jjfikqnu.json&#8221;<!-- [et_pb_line_break_holder] -->    trigger=&#8221;hover&#8221;<!-- [et_pb_line_break_holder] -->    stroke=&#8221;bold&#8221;<!-- [et_pb_line_break_holder] -->    colors=&#8221;primary:#000000,secondary:#000000&#8243;<!-- [et_pb_line_break_holder] -->    style=&#8221;width:75px;height:75px&#8221;><!-- [et_pb_line_break_holder] --><\/lord-icon><!-- [et_pb_line_break_holder] -->[\/et_pb_code][\/et_pb_column][\/et_pb_row][et_pb_row column_structure=&#8221;3_4,1_4&#8243; use_custom_gutter=&#8221;on&#8221; custom_padding_last_edited=&#8221;on|phone&#8221; _builder_version=&#8221;4.27.4&#8243; _module_preset=&#8221;default&#8221; custom_margin=&#8221;||||false|false&#8221; custom_padding=&#8221;20px||20px||true|false&#8221; custom_padding_tablet=&#8221;20px||20px||true|false&#8221; custom_padding_phone=&#8221;5px||5px||true|false&#8221; custom_css_main_element=&#8221;align-items: center;&#8221; global_colors_info=&#8221;{}&#8221;][et_pb_column type=&#8221;3_4&#8243; _builder_version=&#8221;4.27.4&#8243; _module_preset=&#8221;default&#8221; global_colors_info=&#8221;{}&#8221;][et_pb_text _builder_version=&#8221;4.27.4&#8243; _module_preset=&#8221;default&#8221; global_colors_info=&#8221;{}&#8221;]<\/p>\n<p><strong>Nachhaltigkeit:<\/strong> Durch den Verkauf von Produkten mit sozialem und \u00f6kologischem Mehrwert in den Quartierl\u00e4den tr\u00e4gt LOLA zu einem bewussteren Konsum bei.<\/p>\n<p>[\/et_pb_text][\/et_pb_column][et_pb_column type=&#8221;1_4&#8243; _builder_version=&#8221;4.27.4&#8243; _module_preset=&#8221;default&#8221; global_colors_info=&#8221;{}&#8221;][et_pb_code raw_content_last_edited=&#8221;off|desktop&#8221; admin_label=&#8221;BIENE.&#8221; _builder_version=&#8221;4.27.4&#8243; _module_preset=&#8221;default&#8221; text_orientation=&#8221;center&#8221; width_tablet=&#8221;&#8221; width_phone=&#8221;&#8221; width_last_edited=&#8221;on|desktop&#8221; max_width_tablet=&#8221;&#8221; max_width_phone=&#8221;&#8221; max_width_last_edited=&#8221;on|desktop&#8221; module_alignment=&#8221;center&#8221; min_height_tablet=&#8221;&#8221; min_height_phone=&#8221;&#8221; min_height_last_edited=&#8221;on|desktop&#8221; height_tablet=&#8221;&#8221; height_phone=&#8221;&#8221; height_last_edited=&#8221;on|desktop&#8221; max_height_tablet=&#8221;&#8221; max_height_phone=&#8221;&#8221; max_height_last_edited=&#8221;on|desktop&#8221; text_orientation_tablet=&#8221;center&#8221; text_orientation_phone=&#8221;center&#8221; text_orientation_last_edited=&#8221;on|desktop&#8221; module_alignment_tablet=&#8221;center&#8221; module_alignment_phone=&#8221;center&#8221; module_alignment_last_edited=&#8221;on|desktop&#8221; global_colors_info=&#8221;{}&#8221;]<script src=\"https:\/\/cdn.lordicon.com\/lordicon.js\"><\/script><!-- [et_pb_line_break_holder] --><lord-icon<!-- [et_pb_line_break_holder] -->    src=&#8221;https:\/\/cdn.lordicon.com\/hlfocnwl.json&#8221;<!-- [et_pb_line_break_holder] -->    trigger=&#8221;hover&#8221;<!-- [et_pb_line_break_holder] -->    stroke=&#8221;bold&#8221;<!-- [et_pb_line_break_holder] -->    colors=&#8221;primary:#121331,secondary:#000000&#8243;<!-- [et_pb_line_break_holder] -->    style=&#8221;width:75px;height:75px&#8221;><!-- [et_pb_line_break_holder] --><\/lord-icon><!-- [et_pb_line_break_holder] -->[\/et_pb_code][\/et_pb_column][\/et_pb_row][et_pb_row _builder_version=&#8221;4.27.4&#8243; _module_preset=&#8221;default&#8221; global_colors_info=&#8221;{}&#8221;][et_pb_column type=&#8221;4_4&#8243; _builder_version=&#8221;4.27.4&#8243; _module_preset=&#8221;default&#8221; global_colors_info=&#8221;{}&#8221;][et_pb_heading title=&#8221;PRODUKTE.&#8221; _builder_version=&#8221;4.27.4&#8243; _module_preset=&#8221;default&#8221; title_level=&#8221;h2&#8243; title_text_color=&#8221;#000000&#8243; global_colors_info=&#8221;{}&#8221;][\/et_pb_heading][\/et_pb_column][\/et_pb_row][et_pb_row column_structure=&#8221;3_4,1_4&#8243; use_custom_gutter=&#8221;on&#8221; _builder_version=&#8221;4.27.4&#8243; _module_preset=&#8221;default&#8221; custom_css_main_element=&#8221;align-items: center;&#8221; global_colors_info=&#8221;{}&#8221;][et_pb_column type=&#8221;3_4&#8243; _builder_version=&#8221;4.27.4&#8243; _module_preset=&#8221;default&#8221; global_colors_info=&#8221;{}&#8221;][et_pb_text _builder_version=&#8221;4.27.4&#8243; _module_preset=&#8221;default&#8221; global_colors_info=&#8221;{}&#8221;]<\/p>\n<p><strong>LOLA IPA<\/strong> <br \/>Das LOLA IPA ist ein alkoholfreies India Pale Ale, das durch seine fruchtigen Noten und das kr\u00e4ftige Hopfenaroma besticht. Mit einer leichten Bitterkeit und einem erfrischenden Charakter bietet es vollen Biergenuss ohne Alkohol. Es wurde in Zusammenarbeit mit dem Brauhaus Nittenau gebraut.<\/p>\n<p>[\/et_pb_text][\/et_pb_column][et_pb_column type=&#8221;1_4&#8243; _builder_version=&#8221;4.27.4&#8243; _module_preset=&#8221;default&#8221; global_colors_info=&#8221;{}&#8221;][et_pb_image src=&#8221;https:\/\/barparlapapp.ch\/wp-content\/uploads\/2025\/04\/LOLA-IPA.jpg&#8221; title_text=&#8221;LOLA IPA&#8221; _builder_version=&#8221;4.27.4&#8243; _module_preset=&#8221;default&#8221; width=&#8221;100%&#8221; width_tablet=&#8221;45%&#8221; width_phone=&#8221;70%&#8221; width_last_edited=&#8221;on|phone&#8221; module_alignment=&#8221;center&#8221; hover_enabled=&#8221;0&#8243; global_colors_info=&#8221;{}&#8221; sticky_enabled=&#8221;0&#8243;][\/et_pb_image][\/et_pb_column][\/et_pb_row][et_pb_row column_structure=&#8221;3_4,1_4&#8243; use_custom_gutter=&#8221;on&#8221; _builder_version=&#8221;4.27.4&#8243; _module_preset=&#8221;default&#8221; custom_css_main_element=&#8221;align-items: center;&#8221; global_colors_info=&#8221;{}&#8221;][et_pb_column type=&#8221;3_4&#8243; _builder_version=&#8221;4.27.4&#8243; _module_preset=&#8221;default&#8221; global_colors_info=&#8221;{}&#8221;][et_pb_text _builder_version=&#8221;4.27.4&#8243; _module_preset=&#8221;default&#8221; global_colors_info=&#8221;{}&#8221;]<\/p>\n<p><strong>LOLA Wit <\/strong><br \/>Das LOLA Wit ist ein alkoholfreies Weizenbier, inspiriert von der belgischen Witbier-Tradition. Es zeichnet sich durch fruchtige und w\u00fcrzige Aromen aus, die durch die Zugabe von Orangenschalen und Koriandersamen entstehen. Dieses erfrischende Bier bietet einen leichten und spritzigen Genuss ohne Alkohol.<\/p>\n<p>[\/et_pb_text][\/et_pb_column][et_pb_column type=&#8221;1_4&#8243; _builder_version=&#8221;4.27.4&#8243; _module_preset=&#8221;default&#8221; global_colors_info=&#8221;{}&#8221;][et_pb_image src=&#8221;https:\/\/barparlapapp.ch\/wp-content\/uploads\/2025\/04\/LOLA-Wit.jpg&#8221; title_text=&#8221;LOLA Wit&#8221; _builder_version=&#8221;4.27.4&#8243; _module_preset=&#8221;default&#8221; width=&#8221;100%&#8221; width_tablet=&#8221;45%&#8221; width_phone=&#8221;70%&#8221; width_last_edited=&#8221;on|phone&#8221; module_alignment=&#8221;center&#8221; hover_enabled=&#8221;0&#8243; global_colors_info=&#8221;{}&#8221; sticky_enabled=&#8221;0&#8243;][\/et_pb_image][\/et_pb_column][\/et_pb_row][et_pb_row column_structure=&#8221;3_4,1_4&#8243; use_custom_gutter=&#8221;on&#8221; _builder_version=&#8221;4.27.4&#8243; _module_preset=&#8221;default&#8221; custom_css_main_element=&#8221;align-items: center;&#8221; global_colors_info=&#8221;{}&#8221;][et_pb_column type=&#8221;3_4&#8243; _builder_version=&#8221;4.27.4&#8243; _module_preset=&#8221;default&#8221; global_colors_info=&#8221;{}&#8221;][et_pb_text _builder_version=&#8221;4.27.4&#8243; _module_preset=&#8221;default&#8221; global_colors_info=&#8221;{}&#8221;]<\/p>\n<p><strong>LOLA New Style Lager<\/strong><br \/>Das LOLA New Style Lager ist ein alkoholfreies Lagerbier mit einem modernen Twist. Es pr\u00e4sentiert sich naturtr\u00fcb mit einer hellen Farbe und einem kr\u00e4ftigen Hopfenaroma, das an S\u00fcdfr\u00fcchte und Pinien erinnert.<\/p>\n<p>[\/et_pb_text][\/et_pb_column][et_pb_column type=&#8221;1_4&#8243; _builder_version=&#8221;4.27.4&#8243; _module_preset=&#8221;default&#8221; global_colors_info=&#8221;{}&#8221;][et_pb_image src=&#8221;https:\/\/barparlapapp.ch\/wp-content\/uploads\/2025\/04\/LOLA-New-Style-Lager.jpg&#8221; title_text=&#8221;LOLA New Style Lager&#8221; _builder_version=&#8221;4.27.4&#8243; _module_preset=&#8221;default&#8221; width=&#8221;100%&#8221; width_tablet=&#8221;45%&#8221; width_phone=&#8221;70%&#8221; width_last_edited=&#8221;on|phone&#8221; module_alignment=&#8221;center&#8221; hover_enabled=&#8221;0&#8243; global_colors_info=&#8221;{}&#8221; sticky_enabled=&#8221;0&#8243;][\/et_pb_image][\/et_pb_column][\/et_pb_row][\/et_pb_section]<\/p>\n","protected":false},"excerpt":{"rendered":"<p>LOLA steht f\u00fcr hochwertige, alkoholfreie Biere, die in Kooperation mit dem Brauhaus Nittenau gebraut werden. Die Biere zeichnen sich durch ihren vollen Geschmack und die Verwendung ausgew\u00e4hlter Zutaten aus. Mit Sitz in Bern engagiert sich LOLA f\u00fcr die F\u00f6rderung der alkoholfreien Bierkultur in der Schweiz.Soziale Integration: LOLA f\u00f6rdert die beruflichen Chancen und sozialen F\u00e4higkeiten von Menschen mit Suchtproblematik oder schwierigen Lebensl\u00e4ufen, indem es ihnen Arbeits- und Ausbildungspl\u00e4tze in den Quartierl\u00e4den und im Getr\u00e4nkesektor bietet.Nachhaltigkeit: Durch den Verkauf von Produkten mit sozialem und \u00f6kologischem Mehrwert in den Quartierl\u00e4den tr\u00e4gt LOLA zu einem bewussteren Konsum bei.LOLA IPA Das LOLA IPA ist ein alkoholfreies India Pale Ale, das durch seine fruchtigen Noten und das kr\u00e4ftige Hopfenaroma besticht. Mit einer leichten Bitterkeit und einem erfrischenden Charakter bietet es vollen Biergenuss ohne Alkohol. Es wurde in Zusammenarbeit mit dem Brauhaus Nittenau gebraut.LOLA Wit Das LOLA Wit ist ein alkoholfreies Weizenbier, inspiriert von der belgischen Witbier-Tradition. Es zeichnet sich durch fruchtige und w\u00fcrzige Aromen aus, die durch die Zugabe von Orangenschalen und Koriandersamen entstehen. Dieses erfrischende Bier bietet einen leichten und spritzigen Genuss ohne Alkohol.LOLA New Style LagerDas LOLA New Style Lager ist ein alkoholfreies Lagerbier mit einem modernen Twist. Es pr\u00e4sentiert sich naturtr\u00fcb mit einer [&hellip;]<\/p>\n","protected":false},"author":2,"featured_media":1037,"parent":1000,"menu_order":0,"comment_status":"closed","ping_status":"closed","template":"","meta":{"_et_pb_use_builder":"on","_et_pb_old_content":"","_et_gb_content_width":"","footnotes":""},"class_list":["post-1427","page","type-page","status-publish","has-post-thumbnail","hentry"],"_links":{"self":[{"href":"https:\/\/barparlapapp.ch\/en\/wp-json\/wp\/v2\/pages\/1427","targetHints":{"allow":["GET"]}}],"collection":[{"href":"https:\/\/barparlapapp.ch\/en\/wp-json\/wp\/v2\/pages"}],"about":[{"href":"https:\/\/barparlapapp.ch\/en\/wp-json\/wp\/v2\/types\/page"}],"author":[{"embeddable":true,"href":"https:\/\/barparlapapp.ch\/en\/wp-json\/wp\/v2\/users\/2"}],"replies":[{"embeddable":true,"href":"https:\/\/barparlapapp.ch\/en\/wp-json\/wp\/v2\/comments?post=1427"}],"version-history":[{"count":4,"href":"https:\/\/barparlapapp.ch\/en\/wp-json\/wp\/v2\/pages\/1427\/revisions"}],"predecessor-version":[{"id":1570,"href":"https:\/\/barparlapapp.ch\/en\/wp-json\/wp\/v2\/pages\/1427\/revisions\/1570"}],"up":[{"embeddable":true,"href":"https:\/\/barparlapapp.ch\/en\/wp-json\/wp\/v2\/pages\/1000"}],"wp:featuredmedia":[{"embeddable":true,"href":"https:\/\/barparlapapp.ch\/en\/wp-json\/wp\/v2\/media\/1037"}],"wp:attachment":[{"href":"https:\/\/barparlapapp.ch\/en\/wp-json\/wp\/v2\/media?parent=1427"}],"curies":[{"name":"wp","href":"https:\/\/api.w.org\/{rel}","templated":true}]}}