{"id":1586,"date":"2025-04-14T13:55:07","date_gmt":"2025-04-14T13:55:07","guid":{"rendered":"https:\/\/barparlapapp.ch\/?page_id=1586"},"modified":"2025-04-20T13:42:54","modified_gmt":"2025-04-20T13:42:54","slug":"la-jara","status":"publish","type":"page","link":"https:\/\/barparlapapp.ch\/en\/angebot\/la-jara\/","title":{"rendered":"La Jara"},"content":{"rendered":"\n[et_pb_section fb_built=&#8221;1&#8243; fullwidth=&#8221;on&#8221; admin_label=&#8221;Header&#8221; _builder_version=&#8221;4.27.4&#8243; _module_preset=&#8221;default&#8221; background_enable_color=&#8221;off&#8221; use_background_color_gradient=&#8221;on&#8221; background_color_gradient_stops=&#8221;rgba(33,33,33,0.22) 1%|#212121 100%&#8221; background_color_gradient_overlays_image=&#8221;on&#8221; background_image=&#8221;https:\/\/barparlapapp.ch\/wp-content\/uploads\/2025\/04\/Villa-Maria-Carla.jpg&#8221; background_position=&#8221;bottom_center&#8221; width_tablet=&#8221;&#8221; width_phone=&#8221;&#8221; width_last_edited=&#8221;on|desktop&#8221; max_width_tablet=&#8221;&#8221; max_width_phone=&#8221;&#8221; max_width_last_edited=&#8221;on|desktop&#8221; min_height=&#8221;60vh&#8221; min_height_tablet=&#8221;&#8221; min_height_phone=&#8221;&#8221; min_height_last_edited=&#8221;on|desktop&#8221; height=&#8221;450px&#8221; height_tablet=&#8221;auto&#8221; height_phone=&#8221;auto&#8221; height_last_edited=&#8221;on|tablet&#8221; max_height_tablet=&#8221;&#8221; max_height_phone=&#8221;&#8221; max_height_last_edited=&#8221;on|desktop&#8221; background_last_edited=&#8221;on|desktop&#8221; module_alignment_tablet=&#8221;&#8221; module_alignment_phone=&#8221;&#8221; module_alignment_last_edited=&#8221;on|desktop&#8221; locked=&#8221;off&#8221; global_colors_info=&#8221;{}&#8221;][et_pb_fullwidth_header title=&#8221;La Jara&#8221; subhead=&#8221;Bio-Prosecco mit italienischem Flair&#8221; button_one_url=&#8221;https:\/\/barparlapapp.ch\/#mitmachen&#8221; button_two_url=&#8221;https:\/\/barparlapapp.ch\/#mitmachen&#8221; title_tablet=&#8221;BAR.&#8221; title_phone=&#8221;BAR.&#8221; title_last_edited=&#8221;off|desktop&#8221; subhead_tablet=&#8221;Ab Fr\u00fchling 2024 auf dem Expopark in Biel\/Bienne \u2013 F\u00fcr mindestens 3 Jahre.&#8221; subhead_phone=&#8221;Ab Fr\u00fchling 2024 auf dem Expopark in Biel\/Bienne. F\u00fcr mindestens 3 Jahre. &#8221; subhead_last_edited=&#8221;off|desktop&#8221; button_one_text_last_edited=&#8221;off|desktop&#8221; button_two_text_last_edited=&#8221;off|desktop&#8221; logo_image_url_tablet=&#8221;&#8221; logo_image_url_phone=&#8221;&#8221; logo_image_url_last_edited=&#8221;on|phone&#8221; header_image_url_tablet=&#8221;&#8221; header_image_url_phone=&#8221;&#8221; header_image_url_last_edited=&#8221;on|tablet&#8221; content_last_edited=&#8221;off|desktop&#8221; _builder_version=&#8221;4.27.4&#8243; _module_preset=&#8221;default&#8221; title_font=&#8221;|800|||||||&#8221; title_text_color=&#8221;#FFFFFF&#8221; title_font_size=&#8221;130px&#8221; title_line_height=&#8221;1.1em&#8221; content_text_align=&#8221;left&#8221; content_text_color=&#8221;#000000&#8243; subhead_text_color=&#8221;#F6F6F6&#8243; subhead_font_size=&#8221;30px&#8221; subhead_line_height=&#8221;1.3em&#8221; background_color=&#8221;RGBA(255,255,255,0)&#8221; custom_button_one=&#8221;on&#8221; button_one_text_color=&#8221;#212121&#8243; button_one_bg_color=&#8221;#F6F6F6&#8243; button_one_border_width=&#8221;0px&#8221; button_one_font=&#8221;|600|||||||&#8221; button_one_custom_margin_tablet=&#8221;&#8221; button_one_custom_margin_phone=&#8221;&#8221; button_one_custom_margin_last_edited=&#8221;on|desktop&#8221; button_one_custom_padding_tablet=&#8221;&#8221; button_one_custom_padding_phone=&#8221;&#8221; button_one_custom_padding_last_edited=&#8221;on|desktop&#8221; custom_button_two=&#8221;on&#8221; button_two_text_color=&#8221;#212121&#8243; button_two_bg_color=&#8221;#F6F6F6&#8243; button_two_border_width=&#8221;0px&#8221; button_two_font=&#8221;|600|||||||&#8221; button_two_custom_margin_tablet=&#8221;&#8221; button_two_custom_margin_phone=&#8221;&#8221; button_two_custom_margin_last_edited=&#8221;on|desktop&#8221; button_two_custom_padding_tablet=&#8221;&#8221; button_two_custom_padding_phone=&#8221;&#8221; button_two_custom_padding_last_edited=&#8221;on|desktop&#8221; custom_margin_tablet=&#8221;&#8221; custom_margin_phone=&#8221;&#8221; custom_margin_last_edited=&#8221;on|tablet&#8221; custom_padding_tablet=&#8221;||||false|false&#8221; custom_padding_phone=&#8221;||||false|false&#8221; custom_padding_last_edited=&#8221;on|tablet&#8221; hover_enabled=&#8221;0&#8243; title_font_tablet=&#8221;|800|||||||&#8221; title_font_phone=&#8221;|800|||||||&#8221; title_font_last_edited=&#8221;on|desktop&#8221; title_text_align_tablet=&#8221;&#8221; title_text_align_phone=&#8221;&#8221; title_text_align_last_edited=&#8221;on|desktop&#8221; title_text_color_tablet=&#8221;&#8221; title_text_color_phone=&#8221;&#8221; title_text_color_last_edited=&#8221;on|desktop&#8221; title_font_size_tablet=&#8221;100px&#8221; title_font_size_phone=&#8221;50px&#8221; title_font_size_last_edited=&#8221;on|phone&#8221; title_letter_spacing_tablet=&#8221;&#8221; title_letter_spacing_phone=&#8221;&#8221; title_letter_spacing_last_edited=&#8221;on|desktop&#8221; title_line_height_tablet=&#8221;1em&#8221; title_line_height_phone=&#8221;1.1em&#8221; title_line_height_last_edited=&#8221;off|desktop&#8221; content_font_tablet=&#8221;&#8221; content_font_phone=&#8221;&#8221; content_font_last_edited=&#8221;on|desktop&#8221; content_text_align_last_edited=&#8221;off|phone&#8221; content_text_color_tablet=&#8221;#000000&#8243; content_text_color_phone=&#8221;#000000&#8243; content_text_color_last_edited=&#8221;on|desktop&#8221; content_font_size_tablet=&#8221;&#8221; content_font_size_phone=&#8221;&#8221; content_font_size_last_edited=&#8221;on|desktop&#8221; content_letter_spacing_tablet=&#8221;&#8221; content_letter_spacing_phone=&#8221;&#8221; content_letter_spacing_last_edited=&#8221;on|desktop&#8221; content_line_height_tablet=&#8221;&#8221; content_line_height_phone=&#8221;&#8221; content_line_height_last_edited=&#8221;on|desktop&#8221; subhead_font_tablet=&#8221;&#8221; subhead_font_phone=&#8221;&#8221; subhead_font_last_edited=&#8221;on|desktop&#8221; subhead_text_align_tablet=&#8221;&#8221; subhead_text_align_phone=&#8221;&#8221; subhead_text_align_last_edited=&#8221;on|desktop&#8221; subhead_text_color_tablet=&#8221;#F6F6F6&#8243; subhead_text_color_phone=&#8221;#F6F6F6&#8243; subhead_text_color_last_edited=&#8221;on|desktop&#8221; subhead_font_size_tablet=&#8221;22px&#8221; subhead_font_size_phone=&#8221;18px&#8221; subhead_font_size_last_edited=&#8221;on|desktop&#8221; subhead_letter_spacing_tablet=&#8221;&#8221; subhead_letter_spacing_phone=&#8221;&#8221; subhead_letter_spacing_last_edited=&#8221;on|desktop&#8221; subhead_line_height_tablet=&#8221;1.3em&#8221; subhead_line_height_phone=&#8221;1.3em&#8221; subhead_line_height_last_edited=&#8221;on|desktop&#8221; background_last_edited=&#8221;on|desktop&#8221; button_one_text_size_tablet=&#8221;&#8221; button_one_text_size_phone=&#8221;&#8221; button_one_text_size_last_edited=&#8221;on|desktop&#8221; button_one_text_color_tablet=&#8221;#212121&#8243; button_one_text_color_phone=&#8221;#212121&#8243; button_one_text_color_last_edited=&#8221;on|desktop&#8221; button_one_bg_color_tablet=&#8221;#F6F6F6&#8243; button_one_bg_color_phone=&#8221;#F6F6F6&#8243; button_one_bg_color_last_edited=&#8221;on|desktop&#8221; button_one_border_width_tablet=&#8221;0px&#8221; button_one_border_width_phone=&#8221;0px&#8221; button_one_border_width_last_edited=&#8221;on|desktop&#8221; button_one_border_color_tablet=&#8221;&#8221; button_one_border_color_phone=&#8221;&#8221; button_one_border_color_last_edited=&#8221;on|desktop&#8221; button_one_border_radius_tablet=&#8221;&#8221; button_one_border_radius_phone=&#8221;&#8221; button_one_border_radius_last_edited=&#8221;on|desktop&#8221; button_one_letter_spacing_tablet=&#8221;&#8221; button_one_letter_spacing_phone=&#8221;&#8221; button_one_letter_spacing_last_edited=&#8221;on|desktop&#8221; button_one_font_tablet=&#8221;|600|||||||&#8221; button_one_font_phone=&#8221;|600|||||||&#8221; button_one_font_last_edited=&#8221;on|desktop&#8221; button_one_icon_tablet=&#8221;&#8221; button_one_icon_phone=&#8221;&#8221; button_one_icon_last_edited=&#8221;on|desktop&#8221; button_one_icon_color_tablet=&#8221;&#8221; button_one_icon_color_phone=&#8221;&#8221; button_one_icon_color_last_edited=&#8221;on|desktop&#8221; button_one_icon_placement_tablet=&#8221;&#8221; button_one_icon_placement_phone=&#8221;&#8221; button_one_icon_placement_last_edited=&#8221;on|desktop&#8221; button_one_on_hover_tablet=&#8221;&#8221; button_one_on_hover_phone=&#8221;&#8221; button_one_on_hover_last_edited=&#8221;on|desktop&#8221; button_two_text_size_tablet=&#8221;&#8221; button_two_text_size_phone=&#8221;&#8221; button_two_text_size_last_edited=&#8221;on|desktop&#8221; button_two_text_color_tablet=&#8221;#212121&#8243; button_two_text_color_phone=&#8221;#212121&#8243; button_two_text_color_last_edited=&#8221;on|desktop&#8221; button_two_bg_color_tablet=&#8221;#F6F6F6&#8243; button_two_bg_color_phone=&#8221;#F6F6F6&#8243; button_two_bg_color_last_edited=&#8221;on|desktop&#8221; button_two_border_width_tablet=&#8221;0px&#8221; button_two_border_width_phone=&#8221;0px&#8221; button_two_border_width_last_edited=&#8221;on|desktop&#8221; button_two_border_color_tablet=&#8221;&#8221; button_two_border_color_phone=&#8221;&#8221; button_two_border_color_last_edited=&#8221;on|desktop&#8221; button_two_border_radius_tablet=&#8221;&#8221; button_two_border_radius_phone=&#8221;&#8221; button_two_border_radius_last_edited=&#8221;on|desktop&#8221; button_two_letter_spacing_tablet=&#8221;&#8221; button_two_letter_spacing_phone=&#8221;&#8221; button_two_letter_spacing_last_edited=&#8221;on|desktop&#8221; button_two_font_tablet=&#8221;|600|||||||&#8221; button_two_font_phone=&#8221;|600|||||||&#8221; button_two_font_last_edited=&#8221;on|desktop&#8221; button_two_icon_tablet=&#8221;&#8221; button_two_icon_phone=&#8221;&#8221; button_two_icon_last_edited=&#8221;on|desktop&#8221; button_two_icon_color_tablet=&#8221;&#8221; button_two_icon_color_phone=&#8221;&#8221; button_two_icon_color_last_edited=&#8221;on|desktop&#8221; button_two_icon_placement_tablet=&#8221;&#8221; button_two_icon_placement_phone=&#8221;&#8221; button_two_icon_placement_last_edited=&#8221;on|desktop&#8221; button_two_on_hover_tablet=&#8221;&#8221; button_two_on_hover_phone=&#8221;&#8221; button_two_on_hover_last_edited=&#8221;on|desktop&#8221; background_layout_tablet=&#8221;&#8221; background_layout_phone=&#8221;&#8221; background_layout_last_edited=&#8221;on|desktop&#8221; border_radii_tablet=&#8221;&#8221; border_radii_phone=&#8221;&#8221; border_radii_last_edited=&#8221;on|desktop&#8221; border_width_all_tablet=&#8221;&#8221; border_width_all_phone=&#8221;&#8221; border_width_all_last_edited=&#8221;on|desktop&#8221; border_color_all_tablet=&#8221;&#8221; border_color_all_phone=&#8221;&#8221; border_color_all_last_edited=&#8221;on|desktop&#8221; border_style_all_tablet=&#8221;&#8221; border_style_all_phone=&#8221;&#8221; border_style_all_last_edited=&#8221;on|desktop&#8221; global_colors_info=&#8221;{}&#8221; sticky_enabled=&#8221;0&#8243;][\/et_pb_fullwidth_header][\/et_pb_section][et_pb_section fb_built=&#8221;1&#8243; disabled_on=&#8221;off|off|off&#8221; _builder_version=&#8221;4.24.2&#8243; _module_preset=&#8221;default&#8221; global_colors_info=&#8221;{}&#8221;][et_pb_row _builder_version=&#8221;4.27.4&#8243; _module_preset=&#8221;default&#8221; global_colors_info=&#8221;{}&#8221;][et_pb_column type=&#8221;4_4&#8243; _builder_version=&#8221;4.27.4&#8243; _module_preset=&#8221;default&#8221; global_colors_info=&#8221;{}&#8221;][et_pb_button button_url=&#8221;@ET-DC@eyJkeW5hbWljIjp0cnVlLCJjb250ZW50IjoicG9zdF9saW5rX3VybF9wYWdlIiwic2V0dGluZ3MiOnsicG9zdF9pZCI6IjEwMDAifX0=@&#8221; button_text=&#8221;Zum Angebot&#8221; button_alignment=&#8221;center&#8221; _builder_version=&#8221;4.27.4&#8243; _dynamic_attributes=&#8221;button_url&#8221; _module_preset=&#8221;default&#8221; custom_button=&#8221;on&#8221; button_text_color=&#8221;#212121&#8243; global_colors_info=&#8221;{}&#8221;][\/et_pb_button][\/et_pb_column][\/et_pb_row][et_pb_row _builder_version=&#8221;4.27.4&#8243; _module_preset=&#8221;default&#8221; global_colors_info=&#8221;{}&#8221;][et_pb_column type=&#8221;4_4&#8243; _builder_version=&#8221;4.27.4&#8243; _module_preset=&#8221;default&#8221; global_colors_info=&#8221;{}&#8221;][et_pb_text _builder_version=&#8221;4.27.4&#8243; _module_preset=&#8221;default&#8221; global_colors_info=&#8221;{}&#8221;]<p><span class=\"OYPEnA font-feature-liga-off font-feature-clig-off font-feature-calt-off text-decoration-none text-strikethrough-none\" style=\"color: #000000; font-weight: 500; font-style: normal; font-kerning: none;\">La Jara (Mareno di Piave, IT): Das Familienweingut La Jara produziert in Venetien biologisch zertifizierte und vegane Schaumweine \u2013 darunter den Prosecco DOC \u201eVilla Maria Carla\u201c. Mit viel Sorgfalt und nachhaltigen Anbaumethoden entstehen elegante Weine mit feiner Perlage, frischem Charakter und authentischem Geschmack. Der Prosecco wird in Glasflaschen mit B\u00fcgelverschluss abgef\u00fcllt \u2013 eine umweltfreundliche und praktische L\u00f6sung.<\/span><\/p>[\/et_pb_text][\/et_pb_column][\/et_pb_row][et_pb_row _builder_version=&#8221;4.27.4&#8243; _module_preset=&#8221;default&#8221; global_colors_info=&#8221;{}&#8221;][et_pb_column type=&#8221;4_4&#8243; _builder_version=&#8221;4.27.4&#8243; _module_preset=&#8221;default&#8221; global_colors_info=&#8221;{}&#8221;][et_pb_heading title=&#8221;ENGAGEMENT.&#8221; _builder_version=&#8221;4.27.4&#8243; _module_preset=&#8221;default&#8221; title_level=&#8221;h2&#8243; title_text_color=&#8221;#000000&#8243; global_colors_info=&#8221;{}&#8221;][\/et_pb_heading][\/et_pb_column][\/et_pb_row][et_pb_row column_structure=&#8221;3_4,1_4&#8243; use_custom_gutter=&#8221;on&#8221; custom_padding_last_edited=&#8221;on|phone&#8221; _builder_version=&#8221;4.27.4&#8243; _module_preset=&#8221;default&#8221; custom_margin=&#8221;||||false|false&#8221; custom_padding=&#8221;20px||20px||true|false&#8221; custom_padding_tablet=&#8221;20px||20px||true|false&#8221; custom_padding_phone=&#8221;5px||5px||true|false&#8221; custom_css_main_element=&#8221;align-items: center;&#8221; global_colors_info=&#8221;{}&#8221;][et_pb_column type=&#8221;3_4&#8243; _builder_version=&#8221;4.27.4&#8243; _module_preset=&#8221;default&#8221; global_colors_info=&#8221;{}&#8221;][et_pb_text _builder_version=&#8221;4.27.4&#8243; _module_preset=&#8221;default&#8221; global_colors_info=&#8221;{}&#8221;]<p><strong>Bio-zertifiziert:<\/strong> Der Prosecco ist mit dem EU-Bio-Siegel ausgezeichnet, was den Verzicht auf synthetische Pestizide und D\u00fcngemittel garantiert.<\/p>[\/et_pb_text][\/et_pb_column][et_pb_column type=&#8221;1_4&#8243; _builder_version=&#8221;4.27.4&#8243; _module_preset=&#8221;default&#8221; global_colors_info=&#8221;{}&#8221;][et_pb_code raw_content_tablet=&#8221;&#8221; raw_content_phone=&#8221;&#8221; raw_content_last_edited=&#8221;on|desktop&#8221; admin_label=&#8221;BIO&#8221; _builder_version=&#8221;4.27.4&#8243; _module_preset=&#8221;default&#8221; text_orientation=&#8221;center&#8221; width_tablet=&#8221;&#8221; width_phone=&#8221;&#8221; width_last_edited=&#8221;on|desktop&#8221; max_width_tablet=&#8221;&#8221; max_width_phone=&#8221;&#8221; max_width_last_edited=&#8221;on|desktop&#8221; module_alignment=&#8221;center&#8221; min_height_tablet=&#8221;&#8221; min_height_phone=&#8221;&#8221; min_height_last_edited=&#8221;on|desktop&#8221; height_tablet=&#8221;&#8221; height_phone=&#8221;&#8221; height_last_edited=&#8221;on|desktop&#8221; max_height_tablet=&#8221;&#8221; max_height_phone=&#8221;&#8221; max_height_last_edited=&#8221;on|desktop&#8221; text_orientation_tablet=&#8221;center&#8221; text_orientation_phone=&#8221;center&#8221; text_orientation_last_edited=&#8221;on|desktop&#8221; module_alignment_tablet=&#8221;center&#8221; module_alignment_phone=&#8221;center&#8221; module_alignment_last_edited=&#8221;on|desktop&#8221; global_colors_info=&#8221;{}&#8221;]<script src=\"https:\/\/cdn.lordicon.com\/lordicon-1.3.0.js\"><\/script><!-- [et_pb_line_break_holder] --><lord-icon<!-- [et_pb_line_break_holder] -->    src=&#8221;https:\/\/cdn.lordicon.com\/owlhtzyh.json&#8221;<!-- [et_pb_line_break_holder] -->    trigger=&#8221;hover&#8221;<!-- [et_pb_line_break_holder] -->    stroke=&#8221;bold&#8221;<!-- [et_pb_line_break_holder] -->    colors=&#8221;primary:#000000,secondary:#000000&#8243;<!-- [et_pb_line_break_holder] -->    style=&#8221;width:75px;height:75px&#8221;><!-- [et_pb_line_break_holder] --><\/lord-icon>[\/et_pb_code][\/et_pb_column][\/et_pb_row][et_pb_row column_structure=&#8221;3_4,1_4&#8243; use_custom_gutter=&#8221;on&#8221; custom_padding_last_edited=&#8221;on|phone&#8221; _builder_version=&#8221;4.27.4&#8243; _module_preset=&#8221;default&#8221; custom_margin=&#8221;||||false|false&#8221; custom_padding=&#8221;20px||20px||true|false&#8221; custom_padding_tablet=&#8221;20px||20px||true|false&#8221; custom_padding_phone=&#8221;5px||5px||true|false&#8221; custom_css_main_element=&#8221;align-items: center;&#8221; global_colors_info=&#8221;{}&#8221;][et_pb_column type=&#8221;3_4&#8243; _builder_version=&#8221;4.27.4&#8243; _module_preset=&#8221;default&#8221; global_colors_info=&#8221;{}&#8221;][et_pb_text _builder_version=&#8221;4.27.4&#8243; _module_preset=&#8221;default&#8221; global_colors_info=&#8221;{}&#8221;]<p><strong>Vegan:<\/strong> Die Herstellung erfolgt ohne tierische Produkte, was den Prosecco f\u00fcr eine vegane Ern\u00e4hrung geeignet macht.<\/p>[\/et_pb_text][\/et_pb_column][et_pb_column type=&#8221;1_4&#8243; _builder_version=&#8221;4.27.4&#8243; _module_preset=&#8221;default&#8221; global_colors_info=&#8221;{}&#8221;][et_pb_code raw_content_last_edited=&#8221;off|desktop&#8221; admin_label=&#8221;VEGAN.&#8221; _builder_version=&#8221;4.27.4&#8243; _module_preset=&#8221;default&#8221; text_orientation=&#8221;center&#8221; width_tablet=&#8221;&#8221; width_phone=&#8221;&#8221; width_last_edited=&#8221;on|desktop&#8221; max_width_tablet=&#8221;&#8221; max_width_phone=&#8221;&#8221; max_width_last_edited=&#8221;on|desktop&#8221; module_alignment=&#8221;center&#8221; min_height_tablet=&#8221;&#8221; min_height_phone=&#8221;&#8221; min_height_last_edited=&#8221;on|desktop&#8221; height_tablet=&#8221;&#8221; height_phone=&#8221;&#8221; height_last_edited=&#8221;on|desktop&#8221; max_height_tablet=&#8221;&#8221; max_height_phone=&#8221;&#8221; max_height_last_edited=&#8221;on|desktop&#8221; text_orientation_tablet=&#8221;center&#8221; text_orientation_phone=&#8221;center&#8221; text_orientation_last_edited=&#8221;on|desktop&#8221; module_alignment_tablet=&#8221;center&#8221; module_alignment_phone=&#8221;center&#8221; module_alignment_last_edited=&#8221;on|desktop&#8221; global_colors_info=&#8221;{}&#8221;]<script src=\"https:\/\/cdn.lordicon.com\/lordicon-1.3.0.js\"><\/script><!-- [et_pb_line_break_holder] --><lord-icon<!-- [et_pb_line_break_holder] -->    src=&#8221;https:\/\/cdn.lordicon.com\/xfsajmfw.json&#8221;<!-- [et_pb_line_break_holder] -->    trigger=&#8221;hover&#8221;<!-- [et_pb_line_break_holder] -->    stroke=&#8221;bold&#8221;<!-- [et_pb_line_break_holder] -->    colors=&#8221;primary:#000000,secondary:#000000&#8243;<!-- [et_pb_line_break_holder] -->    style=&#8221;width:75px;height:75px&#8221;><!-- [et_pb_line_break_holder] --><\/lord-icon>[\/et_pb_code][\/et_pb_column][\/et_pb_row][et_pb_row column_structure=&#8221;3_4,1_4&#8243; use_custom_gutter=&#8221;on&#8221; custom_padding_last_edited=&#8221;on|phone&#8221; _builder_version=&#8221;4.27.4&#8243; _module_preset=&#8221;default&#8221; custom_margin=&#8221;||||false|false&#8221; custom_padding=&#8221;20px||20px||true|false&#8221; custom_padding_tablet=&#8221;20px||20px||true|false&#8221; custom_padding_phone=&#8221;5px||5px||true|false&#8221; custom_css_main_element=&#8221;align-items: center;&#8221; global_colors_info=&#8221;{}&#8221;][et_pb_column type=&#8221;3_4&#8243; _builder_version=&#8221;4.27.4&#8243; _module_preset=&#8221;default&#8221; global_colors_info=&#8221;{}&#8221;][et_pb_text _builder_version=&#8221;4.27.4&#8243; _module_preset=&#8221;default&#8221; global_colors_info=&#8221;{}&#8221;]<p><strong>Nachhaltige Verpackung:<\/strong> Die Flasche ist mit einem praktischen B\u00fcgelverschluss ausgestattet, der eine wiederverschliessbare Nutzung erm\u00f6glicht und somit zur Reduzierung von Abfall beitr\u00e4gt.<\/p>[\/et_pb_text][\/et_pb_column][et_pb_column type=&#8221;1_4&#8243; _builder_version=&#8221;4.27.4&#8243; _module_preset=&#8221;default&#8221; global_colors_info=&#8221;{}&#8221;][et_pb_code raw_content_tablet=&#8221;&#8221; raw_content_phone=&#8221;&#8221; raw_content_last_edited=&#8221;on|desktop&#8221; admin_label=&#8221;RECYCLING&#8221; _builder_version=&#8221;4.27.4&#8243; _module_preset=&#8221;default&#8221; text_orientation=&#8221;center&#8221; width_tablet=&#8221;&#8221; width_phone=&#8221;&#8221; width_last_edited=&#8221;on|desktop&#8221; max_width_tablet=&#8221;&#8221; max_width_phone=&#8221;&#8221; max_width_last_edited=&#8221;on|desktop&#8221; module_alignment=&#8221;center&#8221; min_height_tablet=&#8221;&#8221; min_height_phone=&#8221;&#8221; min_height_last_edited=&#8221;on|desktop&#8221; height_tablet=&#8221;&#8221; height_phone=&#8221;&#8221; height_last_edited=&#8221;on|desktop&#8221; max_height_tablet=&#8221;&#8221; max_height_phone=&#8221;&#8221; max_height_last_edited=&#8221;on|desktop&#8221; text_orientation_tablet=&#8221;center&#8221; text_orientation_phone=&#8221;center&#8221; text_orientation_last_edited=&#8221;on|desktop&#8221; module_alignment_tablet=&#8221;center&#8221; module_alignment_phone=&#8221;center&#8221; module_alignment_last_edited=&#8221;on|desktop&#8221; global_colors_info=&#8221;{}&#8221;]<script src=\"https:\/\/cdn.lordicon.com\/lordicon.js\"><\/script><!-- [et_pb_line_break_holder] --><lord-icon<!-- [et_pb_line_break_holder] -->    src=&#8221;https:\/\/cdn.lordicon.com\/zruuduya.json&#8221;<!-- [et_pb_line_break_holder] -->    trigger=&#8221;hover&#8221;<!-- [et_pb_line_break_holder] -->    stroke=&#8221;bold&#8221;<!-- [et_pb_line_break_holder] -->    colors=&#8221;primary:#121331,secondary:#000000&#8243;<!-- [et_pb_line_break_holder] -->    style=&#8221;width:75px;height:75px&#8221;><!-- [et_pb_line_break_holder] --><\/lord-icon>[\/et_pb_code][\/et_pb_column][\/et_pb_row][et_pb_row _builder_version=&#8221;4.27.4&#8243; _module_preset=&#8221;default&#8221; global_colors_info=&#8221;{}&#8221;][et_pb_column type=&#8221;4_4&#8243; _builder_version=&#8221;4.27.4&#8243; _module_preset=&#8221;default&#8221; global_colors_info=&#8221;{}&#8221;][et_pb_heading title=&#8221;PRODUKTE.&#8221; _builder_version=&#8221;4.27.4&#8243; _module_preset=&#8221;default&#8221; title_level=&#8221;h2&#8243; title_text_color=&#8221;#000000&#8243; global_colors_info=&#8221;{}&#8221;][\/et_pb_heading][\/et_pb_column][\/et_pb_row][et_pb_row column_structure=&#8221;3_4,1_4&#8243; use_custom_gutter=&#8221;on&#8221; _builder_version=&#8221;4.27.4&#8243; _module_preset=&#8221;default&#8221; custom_css_main_element=&#8221;align-items: center;&#8221; global_colors_info=&#8221;{}&#8221;][et_pb_column type=&#8221;3_4&#8243; _builder_version=&#8221;4.27.4&#8243; _module_preset=&#8221;default&#8221; global_colors_info=&#8221;{}&#8221;][et_pb_text _builder_version=&#8221;4.27.4&#8243; _module_preset=&#8221;default&#8221; global_colors_info=&#8221;{}&#8221;]<p><strong>Prosecco Villa Maria Carla<\/strong><br \/>Villa Maria Carla bietet diesen Prosecco in der 0,75-Liter-Flasche an. Er eignet sich hervorragend als Aperitif. Die Kombination aus biologischem Anbau, veganer Herstellung und nachhaltiger Verpackung macht ihn zu einer bewussten Wahl f\u00fcr Geniesser:innen.<\/p>[\/et_pb_text][\/et_pb_column][et_pb_column type=&#8221;1_4&#8243; _builder_version=&#8221;4.27.4&#8243; _module_preset=&#8221;default&#8221; global_colors_info=&#8221;{}&#8221;][et_pb_image src=&#8221;https:\/\/barparlapapp.ch\/wp-content\/uploads\/2025\/04\/Prosecco-Villa-Maria-Carla.jpg&#8221; title_text=&#8221;Prosecco Villa Maria Carla&#8221; _builder_version=&#8221;4.27.4&#8243; _module_preset=&#8221;default&#8221; width=&#8221;100%&#8221; width_tablet=&#8221;45%&#8221; width_phone=&#8221;70%&#8221; width_last_edited=&#8221;on|phone&#8221; module_alignment=&#8221;center&#8221; global_colors_info=&#8221;{}&#8221;][\/et_pb_image][\/et_pb_column][\/et_pb_row][\/et_pb_section]\n","protected":false},"excerpt":{"rendered":"<p>La Jara (Mareno di Piave, IT): The family winery La Jara produces certified organic and vegan sparkling wines in Veneto - including the Prosecco DOC \u201eVilla Maria Carla\u201c. With great care and sustainable cultivation methods, elegant wines with a fine perlage, fresh character and authentic flavour are created. The Prosecco is bottled in glass bottles with swing tops - an environmentally friendly and practical solution: The Prosecco has been awarded the EU organic seal, which guarantees the absence of synthetic pesticides and fertilisers.Vegan: it is produced without animal products, which makes the Prosecco suitable for a vegan diet.Sustainable packaging: the bottle is fitted with a practical swing top, which allows it to be resealed and therefore helps to reduce waste.Prosecco Villa Maria CarlaVilla Maria Carla offers this Prosecco in a 0.75-litre bottle. It is ideal as an aperitif. The combination of organic cultivation, vegan production and sustainable packaging makes it a conscious choice for connoisseurs.<\/p>","protected":false},"author":2,"featured_media":1587,"parent":1000,"menu_order":0,"comment_status":"closed","ping_status":"closed","template":"","meta":{"_et_pb_use_builder":"on","_et_pb_old_content":"","_et_gb_content_width":"","footnotes":""},"class_list":["post-1586","page","type-page","status-publish","has-post-thumbnail","hentry"],"_links":{"self":[{"href":"https:\/\/barparlapapp.ch\/en\/wp-json\/wp\/v2\/pages\/1586","targetHints":{"allow":["GET"]}}],"collection":[{"href":"https:\/\/barparlapapp.ch\/en\/wp-json\/wp\/v2\/pages"}],"about":[{"href":"https:\/\/barparlapapp.ch\/en\/wp-json\/wp\/v2\/types\/page"}],"author":[{"embeddable":true,"href":"https:\/\/barparlapapp.ch\/en\/wp-json\/wp\/v2\/users\/2"}],"replies":[{"embeddable":true,"href":"https:\/\/barparlapapp.ch\/en\/wp-json\/wp\/v2\/comments?post=1586"}],"version-history":[{"count":5,"href":"https:\/\/barparlapapp.ch\/en\/wp-json\/wp\/v2\/pages\/1586\/revisions"}],"predecessor-version":[{"id":1677,"href":"https:\/\/barparlapapp.ch\/en\/wp-json\/wp\/v2\/pages\/1586\/revisions\/1677"}],"up":[{"embeddable":true,"href":"https:\/\/barparlapapp.ch\/en\/wp-json\/wp\/v2\/pages\/1000"}],"wp:featuredmedia":[{"embeddable":true,"href":"https:\/\/barparlapapp.ch\/en\/wp-json\/wp\/v2\/media\/1587"}],"wp:attachment":[{"href":"https:\/\/barparlapapp.ch\/en\/wp-json\/wp\/v2\/media?parent=1586"}],"curies":[{"name":"wp","href":"https:\/\/api.w.org\/{rel}","templated":true}]}}