{"id":688,"date":"2024-03-28T10:00:39","date_gmt":"2024-03-28T10:00:39","guid":{"rendered":"https:\/\/barparlapapp.ch\/?page_id=688"},"modified":"2026-04-24T06:51:37","modified_gmt":"2026-04-24T06:51:37","slug":"data-protection","status":"publish","type":"page","link":"https:\/\/barparlapapp.ch\/en\/datenschutz\/","title":{"rendered":"DATA PROTECTION."},"content":{"rendered":"<p>[et_pb_section fb_built=&#8221;1&#8243; fullwidth=&#8221;on&#8221; admin_label=&#8221;Header&#8221; _builder_version=&#8221;4.24.0&#8243; _module_preset=&#8221;default&#8221; background_color=&#8221;#212121&#8243; width_tablet=&#8221;&#8221; width_phone=&#8221;&#8221; width_last_edited=&#8221;on|desktop&#8221; max_width_tablet=&#8221;&#8221; max_width_phone=&#8221;&#8221; max_width_last_edited=&#8221;on|desktop&#8221; min_height_tablet=&#8221;&#8221; min_height_phone=&#8221;&#8221; min_height_last_edited=&#8221;on|desktop&#8221; height=&#8221;450px&#8221; height_tablet=&#8221;auto&#8221; height_phone=&#8221;auto&#8221; height_last_edited=&#8221;on|tablet&#8221; max_height_tablet=&#8221;&#8221; max_height_phone=&#8221;&#8221; max_height_last_edited=&#8221;on|desktop&#8221; background_last_edited=&#8221;on|desktop&#8221; module_alignment_tablet=&#8221;&#8221; module_alignment_phone=&#8221;&#8221; module_alignment_last_edited=&#8221;on|desktop&#8221; locked=&#8221;off&#8221; global_colors_info=&#8221;{}&#8221;][et_pb_fullwidth_header title=&#8221;DATENSCHUTZ.&#8221; button_one_url=&#8221;https:\/\/barparlapapp.ch\/#mitmachen&#8221; button_two_url=&#8221;https:\/\/barparlapapp.ch\/#mitmachen&#8221; title_tablet=&#8221;BAR.&#8221; title_phone=&#8221;BAR.&#8221; title_last_edited=&#8221;off|desktop&#8221; subhead_tablet=&#8221;Ab Fr\u00fchling 2024 auf dem Expopark in Biel\/Bienne \u2013 F\u00fcr mindestens 3 Jahre.&#8221; subhead_phone=&#8221;Ab Fr\u00fchling 2024 auf dem Expopark in Biel\/Bienne. F\u00fcr mindestens 3 Jahre. &#8221; subhead_last_edited=&#8221;on|desktop&#8221; button_one_text_tablet=&#8221;&#8221; button_one_text_phone=&#8221;&#8221; button_one_text_last_edited=&#8221;on|desktop&#8221; button_two_text_tablet=&#8221;&#8221; button_two_text_phone=&#8221;&#8221; button_two_text_last_edited=&#8221;on|tablet&#8221; logo_image_url_tablet=&#8221;&#8221; logo_image_url_phone=&#8221;&#8221; logo_image_url_last_edited=&#8221;on|phone&#8221; header_image_url_tablet=&#8221;&#8221; header_image_url_phone=&#8221;&#8221; header_image_url_last_edited=&#8221;on|tablet&#8221; content_tablet=&#8221;&#8221; content_phone=&#8221;&#8221; content_last_edited=&#8221;on|desktop&#8221; _builder_version=&#8221;4.24.0&#8243; _module_preset=&#8221;default&#8221; title_font=&#8221;|800|||||||&#8221; title_text_color=&#8221;#FFFFFF&#8221; title_font_size=&#8221;130px&#8221; title_line_height=&#8221;1.1em&#8221; content_text_align=&#8221;left&#8221; content_text_color=&#8221;#000000&#8243; subhead_text_color=&#8221;#F6F6F6&#8243; subhead_font_size=&#8221;30px&#8221; subhead_line_height=&#8221;1.3em&#8221; background_color=&#8221;RGBA(255,255,255,0)&#8221; custom_button_one=&#8221;on&#8221; button_one_text_color=&#8221;#212121&#8243; button_one_bg_color=&#8221;#F6F6F6&#8243; button_one_border_width=&#8221;0px&#8221; button_one_font=&#8221;|600|||||||&#8221; button_one_custom_margin_tablet=&#8221;&#8221; button_one_custom_margin_phone=&#8221;&#8221; button_one_custom_margin_last_edited=&#8221;on|desktop&#8221; button_one_custom_padding_tablet=&#8221;&#8221; button_one_custom_padding_phone=&#8221;&#8221; button_one_custom_padding_last_edited=&#8221;on|desktop&#8221; custom_button_two=&#8221;on&#8221; button_two_text_color=&#8221;#212121&#8243; button_two_bg_color=&#8221;#F6F6F6&#8243; button_two_border_width=&#8221;0px&#8221; button_two_font=&#8221;|600|||||||&#8221; button_two_custom_margin_tablet=&#8221;&#8221; button_two_custom_margin_phone=&#8221;&#8221; button_two_custom_margin_last_edited=&#8221;on|desktop&#8221; button_two_custom_padding_tablet=&#8221;&#8221; button_two_custom_padding_phone=&#8221;&#8221; button_two_custom_padding_last_edited=&#8221;on|desktop&#8221; custom_margin_tablet=&#8221;&#8221; custom_margin_phone=&#8221;&#8221; custom_margin_last_edited=&#8221;on|tablet&#8221; custom_padding_tablet=&#8221;||||false|false&#8221; custom_padding_phone=&#8221;||||false|false&#8221; custom_padding_last_edited=&#8221;on|tablet&#8221; title_font_tablet=&#8221;|800|||||||&#8221; title_font_phone=&#8221;|800|||||||&#8221; title_font_last_edited=&#8221;on|desktop&#8221; title_text_align_tablet=&#8221;&#8221; title_text_align_phone=&#8221;&#8221; title_text_align_last_edited=&#8221;on|desktop&#8221; title_text_color_tablet=&#8221;&#8221; title_text_color_phone=&#8221;&#8221; title_text_color_last_edited=&#8221;on|desktop&#8221; title_font_size_tablet=&#8221;100px&#8221; title_font_size_phone=&#8221;50px&#8221; title_font_size_last_edited=&#8221;on|phone&#8221; title_letter_spacing_tablet=&#8221;&#8221; title_letter_spacing_phone=&#8221;&#8221; title_letter_spacing_last_edited=&#8221;on|desktop&#8221; title_line_height_tablet=&#8221;1em&#8221; title_line_height_phone=&#8221;1.1em&#8221; title_line_height_last_edited=&#8221;off|desktop&#8221; content_font_tablet=&#8221;&#8221; content_font_phone=&#8221;&#8221; content_font_last_edited=&#8221;on|desktop&#8221; content_text_align_last_edited=&#8221;off|phone&#8221; content_text_color_tablet=&#8221;#000000&#8243; content_text_color_phone=&#8221;#000000&#8243; content_text_color_last_edited=&#8221;on|desktop&#8221; content_font_size_tablet=&#8221;&#8221; content_font_size_phone=&#8221;&#8221; content_font_size_last_edited=&#8221;on|desktop&#8221; content_letter_spacing_tablet=&#8221;&#8221; content_letter_spacing_phone=&#8221;&#8221; content_letter_spacing_last_edited=&#8221;on|desktop&#8221; content_line_height_tablet=&#8221;&#8221; content_line_height_phone=&#8221;&#8221; content_line_height_last_edited=&#8221;on|desktop&#8221; subhead_font_tablet=&#8221;&#8221; subhead_font_phone=&#8221;&#8221; subhead_font_last_edited=&#8221;on|desktop&#8221; subhead_text_align_tablet=&#8221;&#8221; subhead_text_align_phone=&#8221;&#8221; subhead_text_align_last_edited=&#8221;on|desktop&#8221; subhead_text_color_tablet=&#8221;#F6F6F6&#8243; subhead_text_color_phone=&#8221;#F6F6F6&#8243; subhead_text_color_last_edited=&#8221;on|desktop&#8221; subhead_font_size_tablet=&#8221;22px&#8221; subhead_font_size_phone=&#8221;18px&#8221; subhead_font_size_last_edited=&#8221;on|desktop&#8221; subhead_letter_spacing_tablet=&#8221;&#8221; subhead_letter_spacing_phone=&#8221;&#8221; subhead_letter_spacing_last_edited=&#8221;on|desktop&#8221; subhead_line_height_tablet=&#8221;1.3em&#8221; subhead_line_height_phone=&#8221;1.3em&#8221; subhead_line_height_last_edited=&#8221;on|desktop&#8221; background_last_edited=&#8221;on|desktop&#8221; button_one_text_size_tablet=&#8221;&#8221; button_one_text_size_phone=&#8221;&#8221; button_one_text_size_last_edited=&#8221;on|desktop&#8221; button_one_text_color_tablet=&#8221;#212121&#8243; button_one_text_color_phone=&#8221;#212121&#8243; button_one_text_color_last_edited=&#8221;on|desktop&#8221; button_one_bg_color_tablet=&#8221;#F6F6F6&#8243; button_one_bg_color_phone=&#8221;#F6F6F6&#8243; button_one_bg_color_last_edited=&#8221;on|desktop&#8221; button_one_border_width_tablet=&#8221;0px&#8221; button_one_border_width_phone=&#8221;0px&#8221; button_one_border_width_last_edited=&#8221;on|desktop&#8221; button_one_border_color_tablet=&#8221;&#8221; button_one_border_color_phone=&#8221;&#8221; button_one_border_color_last_edited=&#8221;on|desktop&#8221; button_one_border_radius_tablet=&#8221;&#8221; button_one_border_radius_phone=&#8221;&#8221; button_one_border_radius_last_edited=&#8221;on|desktop&#8221; button_one_letter_spacing_tablet=&#8221;&#8221; button_one_letter_spacing_phone=&#8221;&#8221; button_one_letter_spacing_last_edited=&#8221;on|desktop&#8221; button_one_font_tablet=&#8221;|600|||||||&#8221; button_one_font_phone=&#8221;|600|||||||&#8221; button_one_font_last_edited=&#8221;on|desktop&#8221; button_one_icon_tablet=&#8221;&#8221; button_one_icon_phone=&#8221;&#8221; button_one_icon_last_edited=&#8221;on|desktop&#8221; button_one_icon_color_tablet=&#8221;&#8221; button_one_icon_color_phone=&#8221;&#8221; button_one_icon_color_last_edited=&#8221;on|desktop&#8221; button_one_icon_placement_tablet=&#8221;&#8221; button_one_icon_placement_phone=&#8221;&#8221; button_one_icon_placement_last_edited=&#8221;on|desktop&#8221; button_one_on_hover_tablet=&#8221;&#8221; button_one_on_hover_phone=&#8221;&#8221; button_one_on_hover_last_edited=&#8221;on|desktop&#8221; button_two_text_size_tablet=&#8221;&#8221; button_two_text_size_phone=&#8221;&#8221; button_two_text_size_last_edited=&#8221;on|desktop&#8221; button_two_text_color_tablet=&#8221;#212121&#8243; button_two_text_color_phone=&#8221;#212121&#8243; button_two_text_color_last_edited=&#8221;on|desktop&#8221; button_two_bg_color_tablet=&#8221;#F6F6F6&#8243; button_two_bg_color_phone=&#8221;#F6F6F6&#8243; button_two_bg_color_last_edited=&#8221;on|desktop&#8221; button_two_border_width_tablet=&#8221;0px&#8221; button_two_border_width_phone=&#8221;0px&#8221; button_two_border_width_last_edited=&#8221;on|desktop&#8221; button_two_border_color_tablet=&#8221;&#8221; button_two_border_color_phone=&#8221;&#8221; button_two_border_color_last_edited=&#8221;on|desktop&#8221; button_two_border_radius_tablet=&#8221;&#8221; button_two_border_radius_phone=&#8221;&#8221; button_two_border_radius_last_edited=&#8221;on|desktop&#8221; button_two_letter_spacing_tablet=&#8221;&#8221; button_two_letter_spacing_phone=&#8221;&#8221; button_two_letter_spacing_last_edited=&#8221;on|desktop&#8221; button_two_font_tablet=&#8221;|600|||||||&#8221; button_two_font_phone=&#8221;|600|||||||&#8221; button_two_font_last_edited=&#8221;on|desktop&#8221; button_two_icon_tablet=&#8221;&#8221; button_two_icon_phone=&#8221;&#8221; button_two_icon_last_edited=&#8221;on|desktop&#8221; button_two_icon_color_tablet=&#8221;&#8221; button_two_icon_color_phone=&#8221;&#8221; button_two_icon_color_last_edited=&#8221;on|desktop&#8221; button_two_icon_placement_tablet=&#8221;&#8221; button_two_icon_placement_phone=&#8221;&#8221; button_two_icon_placement_last_edited=&#8221;on|desktop&#8221; button_two_on_hover_tablet=&#8221;&#8221; button_two_on_hover_phone=&#8221;&#8221; button_two_on_hover_last_edited=&#8221;on|desktop&#8221; background_layout_tablet=&#8221;&#8221; background_layout_phone=&#8221;&#8221; background_layout_last_edited=&#8221;on|desktop&#8221; border_radii_tablet=&#8221;&#8221; border_radii_phone=&#8221;&#8221; border_radii_last_edited=&#8221;on|desktop&#8221; border_width_all_tablet=&#8221;&#8221; border_width_all_phone=&#8221;&#8221; border_width_all_last_edited=&#8221;on|desktop&#8221; border_color_all_tablet=&#8221;&#8221; border_color_all_phone=&#8221;&#8221; border_color_all_last_edited=&#8221;on|desktop&#8221; border_style_all_tablet=&#8221;&#8221; border_style_all_phone=&#8221;&#8221; border_style_all_last_edited=&#8221;on|desktop&#8221; global_colors_info=&#8221;{}&#8221;][\/et_pb_fullwidth_header][\/et_pb_section][et_pb_section fb_built=&#8221;1&#8243; _builder_version=&#8221;4.24.3&#8243; _module_preset=&#8221;default&#8221; global_colors_info=&#8221;{}&#8221;][et_pb_row _builder_version=&#8221;4.27.6&#8243; _module_preset=&#8221;default&#8221;][et_pb_column _builder_version=&#8221;4.27.6&#8243; _module_preset=&#8221;default&#8221; type=&#8221;4_4&#8243;][et_pb_text _builder_version=&#8221;4.27.6&#8243; _module_preset=&#8221;default&#8221; header_3_text_color=&#8221;#212121&#8243; header_3_font_size=&#8221;30px&#8221; header_3_font=&#8221;|700|||||||&#8221; hover_enabled=&#8221;0&#8243; sticky_enabled=&#8221;0&#8243;]<\/p>\n<p data-path-to-node=\"4\">Der Schutz Ihrer Daten ist uns wichtig. Hier erfahren Sie kurz und knapp, was mit Ihren pers\u00f6nlichen Informationen passiert, wenn Sie unsere Website <b data-path-to-node=\"4\" data-index-in-node=\"149\">barparlapapp.ch<\/b> besuchen.<\/p>\n<h3 data-path-to-node=\"5\">1. Wer ist verantwortlich?<\/h3>\n<p data-path-to-node=\"6\">Verantwortlich f\u00fcr die Datenverarbeitung ist: <b data-path-to-node=\"6\" data-index-in-node=\"46\">Amateur &amp; S\u00f6hne GmbH<\/b> Romann Cyril Schlossstrasse 12, 2560 Nidau E-Mail: admin@barparlapapp.ch<\/p>\n<h3 data-path-to-node=\"7\">2. Welche Daten nutzen wir?<\/h3>\n<ul data-path-to-node=\"8\">\n<li>\n<p data-path-to-node=\"8,0,0\"><b data-path-to-node=\"8,0,0\" data-index-in-node=\"0\">Beim Besuch der Website:<\/b> Wir erfassen technische Daten (wie Ihre IP-Adresse, Browser-Typ und Uhrzeit), damit die Seite stabil und sicher l\u00e4uft.<\/p>\n<\/li>\n<li>\n<p data-path-to-node=\"8,1,0\"><b data-path-to-node=\"8,1,0\" data-index-in-node=\"0\">Wenn Sie uns schreiben:<\/b> Wir speichern die Daten, die Sie uns geben (z. B. Name, E-Mail-Adresse und Nachricht), um Ihr Anliegen zu bearbeiten.<\/p>\n<\/li>\n<li>\n<p data-path-to-node=\"8,2,0\"><b data-path-to-node=\"8,2,0\" data-index-in-node=\"0\">Bei Bestellungen im Shop:<\/b> Wir ben\u00f6tigen Ihren Namen, Ihre Adresse und Zahldaten, um Ihre Bestellung auszuf\u00fchren.<\/p>\n<\/li>\n<li>\n<p data-path-to-node=\"8,3,0\"><b data-path-to-node=\"8,3,0\" data-index-in-node=\"0\">Bei Bewerbungen:<\/b> Wir nutzen Ihre Unterlagen nur, um \u00fcber Ihre Anstellung zu entscheiden.<\/p>\n<\/li>\n<li>\n<p data-path-to-node=\"8,4,0\"><b data-path-to-node=\"8,4,0\" data-index-in-node=\"0\">Newsletter:<\/b> Wenn Sie sich anmelden, nutzen wir Ihre E-Mail, um Ihnen Infos zu schicken. Sie k\u00f6nnen sich jederzeit wieder abmelden.<\/p>\n<\/li>\n<\/ul>\n<h3 data-path-to-node=\"9\">3. Warum tun wir das?<\/h3>\n<p data-path-to-node=\"10\">Wir nutzen Ihre Daten, um:<\/p>\n<ul data-path-to-node=\"11\">\n<li>\n<p data-path-to-node=\"11,0,0\">Unsere Website bereitzustellen.<\/p>\n<\/li>\n<li>\n<p data-path-to-node=\"11,1,0\">Mit Ihnen zu kommunizieren oder Vertr\u00e4ge zu erf\u00fcllen.<\/p>\n<\/li>\n<li>\n<p data-path-to-node=\"11,2,0\">Unsere Angebote zu verbessern und sicher zu machen.<\/p>\n<\/li>\n<\/ul>\n<h3 data-path-to-node=\"12\">4. Geben wir Daten weiter?<\/h3>\n<p data-path-to-node=\"13\">Wir geben Daten nur an Dritte weiter, wenn es notwendig ist (z. B. an IT-Dienstleister, Postversand oder Zahlungsanbieter). Alle Partner sind verpflichtet, Ihre Daten vertraulich zu behandeln. In gesetzlichen Ausnahmef\u00e4llen m\u00fcssen wir Daten an Beh\u00f6rden weitergeben.<\/p>\n<h3 data-path-to-node=\"14\">5. Cookies<\/h3>\n<p data-path-to-node=\"15\">Wir verwenden Cookies (kleine Textdateien), um die Website benutzerfreundlich zu machen. Sie k\u00f6nnen das Speichern von Cookies in Ihren Browser-Einstellungen jederzeit abschalten oder einschr\u00e4nken.<\/p>\n<h3 data-path-to-node=\"16\">6. Wie lange speichern wir Daten?<\/h3>\n<p data-path-to-node=\"17\">Nur so lange, wie es f\u00fcr den jeweiligen Zweck n\u00f6tig ist oder wie es das Gesetz (z. B. bei Buchungsbelegen bis zu 10 Jahre) vorschreibt.<\/p>\n<h3 data-path-to-node=\"18\">7. Ihre Rechte<\/h3>\n<p data-path-to-node=\"19\">Sie haben das Recht:<\/p>\n<ul data-path-to-node=\"20\">\n<li>\n<p data-path-to-node=\"20,0,0\">Zu erfahren, welche Daten wir \u00fcber Sie haben (<b data-path-to-node=\"20,0,0\" data-index-in-node=\"46\">Auskunft<\/b>).<\/p>\n<\/li>\n<li>\n<p data-path-to-node=\"20,1,0\">Falsche Daten korrigieren zu lassen (<b data-path-to-node=\"20,1,0\" data-index-in-node=\"37\">Berichtigung<\/b>).<\/p>\n<\/li>\n<li>\n<p data-path-to-node=\"20,2,0\">Die L\u00f6schung Ihrer Daten zu verlangen (<b data-path-to-node=\"20,2,0\" data-index-in-node=\"39\">L\u00f6schung<\/b>).<\/p>\n<\/li>\n<li>\n<p data-path-to-node=\"20,3,0\">Einer Verarbeitung zu <b data-path-to-node=\"20,3,0\" data-index-in-node=\"22\">widersprechen<\/b>.<\/p>\n<\/li>\n<\/ul>\n<p data-path-to-node=\"21\">Wenden Sie sich daf\u00fcr einfach an <b data-path-to-node=\"21\" data-index-in-node=\"33\">admin@barparlapapp.ch<\/b>.<\/p>\n<h3 data-path-to-node=\"22\">8. Datensicherheit<\/h3>\n<p data-path-to-node=\"23\">Wir nutzen moderne Verschl\u00fcsselungen (wie SSL\/TLS), damit Ihre Daten sicher \u00fcbertragen werden und vor fremdem Zugriff gesch\u00fctzt sind.<\/p>\n<p>[\/et_pb_text][\/et_pb_column][\/et_pb_row][\/et_pb_section]<\/p>\n","protected":false},"excerpt":{"rendered":"<p>Der Schutz Ihrer Daten ist uns wichtig. Hier erfahren Sie kurz und knapp, was mit Ihren pers\u00f6nlichen Informationen passiert, wenn Sie unsere Website barparlapapp.ch besuchen. 1. Wer ist verantwortlich? Verantwortlich f\u00fcr die Datenverarbeitung ist: Amateur &amp; S\u00f6hne GmbH Romann Cyril Schlossstrasse 12, 2560 Nidau E-Mail: admin@barparlapapp.ch 2. Welche Daten nutzen wir? Beim Besuch der Website: Wir erfassen technische Daten (wie Ihre IP-Adresse, Browser-Typ und Uhrzeit), damit die Seite stabil und sicher l\u00e4uft. Wenn Sie uns schreiben: Wir speichern die Daten, die Sie uns geben (z. B. Name, E-Mail-Adresse und Nachricht), um Ihr Anliegen zu bearbeiten. Bei Bestellungen im Shop: Wir ben\u00f6tigen Ihren Namen, Ihre Adresse und Zahldaten, um Ihre Bestellung auszuf\u00fchren. Bei Bewerbungen: Wir nutzen Ihre Unterlagen nur, um \u00fcber Ihre Anstellung zu entscheiden. Newsletter: Wenn Sie sich anmelden, nutzen wir Ihre E-Mail, um Ihnen Infos zu schicken. Sie k\u00f6nnen sich jederzeit wieder abmelden. 3. Warum tun wir das? Wir nutzen Ihre Daten, um: Unsere Website bereitzustellen. Mit Ihnen zu kommunizieren oder Vertr\u00e4ge zu erf\u00fcllen. Unsere Angebote zu verbessern und sicher zu machen. 4. Geben wir Daten weiter? Wir geben Daten nur an Dritte weiter, wenn es notwendig ist (z. B. an IT-Dienstleister, Postversand oder Zahlungsanbieter). Alle Partner sind verpflichtet, [&hellip;]<\/p>\n","protected":false},"author":2,"featured_media":0,"parent":0,"menu_order":0,"comment_status":"closed","ping_status":"closed","template":"","meta":{"_et_pb_use_builder":"on","_et_pb_old_content":"","_et_gb_content_width":"","footnotes":""},"class_list":["post-688","page","type-page","status-publish","hentry"],"_links":{"self":[{"href":"https:\/\/barparlapapp.ch\/en\/wp-json\/wp\/v2\/pages\/688","targetHints":{"allow":["GET"]}}],"collection":[{"href":"https:\/\/barparlapapp.ch\/en\/wp-json\/wp\/v2\/pages"}],"about":[{"href":"https:\/\/barparlapapp.ch\/en\/wp-json\/wp\/v2\/types\/page"}],"author":[{"embeddable":true,"href":"https:\/\/barparlapapp.ch\/en\/wp-json\/wp\/v2\/users\/2"}],"replies":[{"embeddable":true,"href":"https:\/\/barparlapapp.ch\/en\/wp-json\/wp\/v2\/comments?post=688"}],"version-history":[{"count":7,"href":"https:\/\/barparlapapp.ch\/en\/wp-json\/wp\/v2\/pages\/688\/revisions"}],"predecessor-version":[{"id":1764,"href":"https:\/\/barparlapapp.ch\/en\/wp-json\/wp\/v2\/pages\/688\/revisions\/1764"}],"wp:attachment":[{"href":"https:\/\/barparlapapp.ch\/en\/wp-json\/wp\/v2\/media?parent=688"}],"curies":[{"name":"wp","href":"https:\/\/api.w.org\/{rel}","templated":true}]}}