{"id":1349,"date":"2025-04-06T18:36:27","date_gmt":"2025-04-06T18:36:27","guid":{"rendered":"https:\/\/barparlapapp.ch\/?page_id=1349"},"modified":"2025-04-12T06:40:23","modified_gmt":"2025-04-12T06:40:23","slug":"culture","status":"publish","type":"page","link":"https:\/\/barparlapapp.ch\/fr\/kultur\/","title":{"rendered":"CULTURE."},"content":{"rendered":"<p>[et_pb_section fb_built=&#8221;1&#8243; fullwidth=&#8221;on&#8221; admin_label=&#8221;Header&#8221; _builder_version=&#8221;4.27.4&#8243; _module_preset=&#8221;default&#8221; background_enable_color=&#8221;off&#8221; use_background_color_gradient=&#8221;on&#8221; background_color_gradient_stops=&#8221;rgba(33,33,33,0.22) 1%|#212121 100%&#8221; background_color_gradient_overlays_image=&#8221;on&#8221; background_image=&#8221;https:\/\/barparlapapp.ch\/wp-content\/uploads\/2025\/04\/BAR.jpg&#8221; width_last_edited=&#8221;off|desktop&#8221; max_width_last_edited=&#8221;off|desktop&#8221; min_height_last_edited=&#8221;off|desktop&#8221; height=&#8221;60vh&#8221; height_tablet=&#8221;auto&#8221; height_phone=&#8221;auto&#8221; height_last_edited=&#8221;on|tablet&#8221; max_height_tablet=&#8221;&#8221; max_height_phone=&#8221;&#8221; max_height_last_edited=&#8221;on|phone&#8221; background_last_edited=&#8221;on|desktop&#8221; module_alignment_tablet=&#8221;&#8221; module_alignment_phone=&#8221;&#8221; module_alignment_last_edited=&#8221;on|desktop&#8221; locked=&#8221;off&#8221; global_colors_info=&#8221;{}&#8221;][et_pb_fullwidth_header title=&#8221;KULTUR.&#8221; subhead=&#8221;Was uns wichtig ist&#8221; button_one_url=&#8221;https:\/\/barparlapapp.ch\/shop&#8221; button_two_url=&#8221;https:\/\/barparlapapp.ch\/darlehen\/&#8221; _builder_version=&#8221;4.27.4&#8243; _module_preset=&#8221;default&#8221; title_font=&#8221;|800|||||||&#8221; title_text_color=&#8221;#FFFFFF&#8221; title_font_size=&#8221;200px&#8221; title_line_height=&#8221;1.2em&#8221; content_text_color=&#8221;#000000&#8243; subhead_text_color=&#8221;#F6F6F6&#8243; subhead_font_size=&#8221;30px&#8221; subhead_line_height=&#8221;1.3em&#8221; background_color=&#8221;RGBA(255,255,255,0)&#8221; custom_button_one=&#8221;on&#8221; button_one_border_color=&#8221;#F6F6F6&#8243; custom_button_two=&#8221;on&#8221; button_two_bg_color=&#8221;#212121&#8243; button_two_border_color=&#8221;#FFFFFF&#8221; button_two_font=&#8221;||||||||&#8221; title_font_tablet=&#8221;|800|||||||&#8221; title_font_phone=&#8221;|800|||||||&#8221; title_font_last_edited=&#8221;on|desktop&#8221; title_text_color_tablet=&#8221;#FFFFFF&#8221; title_text_color_phone=&#8221;#FFFFFF&#8221; title_text_color_last_edited=&#8221;on|desktop&#8221; title_font_size_tablet=&#8221;130px&#8221; title_font_size_phone=&#8221;60px&#8221; title_font_size_last_edited=&#8221;on|phone&#8221; title_letter_spacing_tablet=&#8221;&#8221; title_letter_spacing_phone=&#8221;&#8221; title_letter_spacing_last_edited=&#8221;on|desktop&#8221; title_line_height_tablet=&#8221;1.2em&#8221; title_line_height_phone=&#8221;1.2em&#8221; title_line_height_last_edited=&#8221;on|desktop&#8221; content_font_size_tablet=&#8221;&#8221; content_font_size_phone=&#8221;&#8221; content_font_size_last_edited=&#8221;on|desktop&#8221; content_letter_spacing_tablet=&#8221;&#8221; content_letter_spacing_phone=&#8221;&#8221; content_letter_spacing_last_edited=&#8221;on|desktop&#8221; content_line_height_tablet=&#8221;&#8221; content_line_height_phone=&#8221;&#8221; content_line_height_last_edited=&#8221;on|desktop&#8221; subhead_text_color_tablet=&#8221;#F6F6F6&#8243; subhead_text_color_phone=&#8221;#F6F6F6&#8243; subhead_text_color_last_edited=&#8221;on|desktop&#8221; subhead_font_size_tablet=&#8221;22px&#8221; subhead_font_size_phone=&#8221;18px&#8221; subhead_font_size_last_edited=&#8221;on|desktop&#8221; subhead_letter_spacing_tablet=&#8221;&#8221; subhead_letter_spacing_phone=&#8221;&#8221; subhead_letter_spacing_last_edited=&#8221;on|desktop&#8221; subhead_line_height_tablet=&#8221;1.3em&#8221; subhead_line_height_phone=&#8221;1.3em&#8221; subhead_line_height_last_edited=&#8221;on|desktop&#8221; background_last_edited=&#8221;on|desktop&#8221; button_one_border_color_last_edited=&#8221;off|desktop&#8221; button_one_icon_placement_tablet=&#8221;&#8221; button_one_icon_placement_phone=&#8221;&#8221; button_one_icon_placement_last_edited=&#8221;on|desktop&#8221; button_two_text_color_tablet=&#8221;#212121&#8243; button_two_text_color_phone=&#8221;#212121&#8243; button_two_text_color_last_edited=&#8221;off|desktop&#8221; button_two_bg_color_tablet=&#8221;#212121&#8243; button_two_bg_color_phone=&#8221;#212121&#8243; button_two_bg_color_last_edited=&#8221;on|desktop&#8221; button_two_border_color_last_edited=&#8221;off|desktop&#8221; background_layout_tablet=&#8221;&#8221; background_layout_phone=&#8221;&#8221; background_layout_last_edited=&#8221;on|desktop&#8221; custom_css_free_form=&#8221;.selector .et_pb_button_one,||.selector .et_pb_button_two {||  width: 250px;||  text-align: center;||}&#8221; border_radii_tablet=&#8221;&#8221; border_radii_phone=&#8221;&#8221; border_radii_last_edited=&#8221;on|desktop&#8221; global_colors_info=&#8221;{}&#8221; button_one_bg_color__hover_enabled=&#8221;on|hover&#8221; button_one_border_width__hover_enabled=&#8221;on|hover&#8221; button_one_border_width__hover=&#8221;2px&#8221; button_one_border_color__hover_enabled=&#8221;on|hover&#8221; button_one_border_color__hover=&#8221;#F6F6F6&#8243; button_two_border_width__hover_enabled=&#8221;on|hover&#8221; button_two_border_width__hover=&#8221;2px&#8221; button_two_border_color__hover_enabled=&#8221;on|hover&#8221; button_two_border_color__hover=&#8221;#FFFFFF&#8221;][\/et_pb_fullwidth_header][\/et_pb_section][et_pb_section fb_built=&#8221;1&#8243; _builder_version=&#8221;4.27.4&#8243; _module_preset=&#8221;default&#8221; global_colors_info=&#8221;{}&#8221;][et_pb_row _builder_version=&#8221;4.27.4&#8243; _module_preset=&#8221;default&#8221; global_colors_info=&#8221;{}&#8221;][et_pb_column type=&#8221;4_4&#8243; _builder_version=&#8221;4.27.4&#8243; _module_preset=&#8221;default&#8221; global_colors_info=&#8221;{}&#8221;][et_pb_text _builder_version=&#8221;4.27.4&#8243; _module_preset=&#8221;default&#8221; link_font=&#8221;||||on||||&#8221; link_text_color=&#8221;#212121&#8243; header_2_text_color=&#8221;#212121&#8243; header_3_text_color=&#8221;#212121&#8243; global_colors_info=&#8221;{}&#8221;]<\/p>\n<h2 class=\"p3\"><strong>UNSERE KULTUR. UNSERE WERTE.<\/strong><\/h2>\n<p>[\/et_pb_text][et_pb_text _builder_version=&#8221;4.27.4&#8243; _module_preset=&#8221;default&#8221; link_font=&#8221;||||on||||&#8221; link_text_color=&#8221;#212121&#8243; header_2_text_color=&#8221;#212121&#8243; header_3_text_color=&#8221;#212121&#8243; global_colors_info=&#8221;{}&#8221;]<\/p>\n<h3 class=\"p1\"><strong>NACHHALTIGKEIT.<\/strong><\/h3>\n<p class=\"p3\">Nachhaltigkeit ist f\u00fcr uns kein Schlagwort, sondern der Ausgangspunkt f\u00fcr fast alles, was wir tun. Unsere BAR. basiert auf einer mobilen Infrastruktur, fast ausschliesslich aus zweiter Hand. Wir nutzen \u00d6kostrom, setzen auf recycelte Materialien, verwenden Holz aus der Region und begr\u00fcnen unser Dach.<\/p>\n<p>[\/et_pb_text][et_pb_text _builder_version=&#8221;4.27.4&#8243; _module_preset=&#8221;default&#8221; link_font=&#8221;||||on||||&#8221; link_text_color=&#8221;#212121&#8243; header_2_text_color=&#8221;#212121&#8243; header_3_text_color=&#8221;#212121&#8243; hover_enabled=&#8221;0&#8243; global_colors_info=&#8221;{}&#8221; sticky_enabled=&#8221;0&#8243;]<\/p>\n<h3 class=\"p1\"><strong>ANGEBOT.<\/strong><\/h3>\n<p class=\"p1\">Unsere <a href=\"https:\/\/barparlapapp.ch\/angebot\">Produkte<\/a> w\u00e4hlen wir mit Bedacht. Viele davon stammen von <span class=\"s1\">kleinen Produzent:innen aus der Region oder\/und<\/span> sind <span class=\"s1\">bioolgisch produziert und<\/span> <span class=\"s1\">fair gehandelt.<\/span> Wir kennen viele Produzent:innen pers\u00f6nlich \u2013 und m\u00f6chten transparent zeigen, warum wir uns f\u00fcr sie entschieden haben. Besonders stolz sind wir auf unsere grosse Auswahl an zuckerarmen Limonaden, kalten Tees, Kombuchas und alkoholfreien Getr\u00e4nken, die bewusst gew\u00e4hlte Alternativen zum klassischen Angebot darstellen. Auch beim Trinkwasser setzen wir ein Zeichen: Mineral- und Leitungswasser gibt es bei uns kostenlos \u2013 f\u00fcr alle, ganz selbstverst\u00e4ndlich.<\/p>\n<p>[\/et_pb_text][et_pb_text _builder_version=&#8221;4.27.4&#8243; _module_preset=&#8221;default&#8221; link_font=&#8221;||||on||||&#8221; link_text_color=&#8221;#212121&#8243; header_2_text_color=&#8221;#212121&#8243; header_3_text_color=&#8221;#212121&#8243; global_colors_info=&#8221;{}&#8221;]<\/p>\n<h3 class=\"p1\"><b>FINANZIERUNG.<\/b><b><\/b><\/h3>\n<p class=\"p3\">Die BAR. wurde durch zahlreiche <span class=\"s1\">Mini-Darlehen von Unterst\u00fctzer:innen aus dem Umfeld<\/span> und unserem privaten eher bescheidenen Ersparten finanziert \u2013 anstelle eines klassischen Bankkredits. Dieses solidarische Modell erm\u00f6glicht Beteiligung und zeigt: Nachhaltigkeit funktioniert auch wirtschaftlich, wenn viele mittragen. MERCI!<\/p>\n<p>[\/et_pb_text][et_pb_text _builder_version=&#8221;4.27.4&#8243; _module_preset=&#8221;default&#8221; link_font=&#8221;||||on||||&#8221; link_text_color=&#8221;#212121&#8243; header_2_text_color=&#8221;#212121&#8243; header_3_text_color=&#8221;#212121&#8243; global_colors_info=&#8221;{}&#8221;]<\/p>\n<h3 class=\"p1\"><b>MITARBEIT.<\/b><b><\/b><\/h3>\n<p class=\"p3\">Wir schaffen nach M\u00f6glichkeit Arbeitspl\u00e4tze f\u00fcr Menschen, welche strukturell benachteiligt werden oder sich einen Wiedereinstieg in den Arbeitsmarkt w\u00fcnschen. Hierzu arbeiten wir bspw. mit der <a href=\"https:\/\/diaconis.ch\/\" target=\"_blank\" rel=\"noopener noreferrer nofollow\">Stiftung Diaconis<\/a> zusammen und bieten entsprechende Arbeitspl\u00e4tze an.<\/p>\n<p>[\/et_pb_text][et_pb_text _builder_version=&#8221;4.27.4&#8243; _module_preset=&#8221;default&#8221; link_font=&#8221;||||on||||&#8221; link_text_color=&#8221;#212121&#8243; header_2_text_color=&#8221;#212121&#8243; header_3_text_color=&#8221;#212121&#8243; global_colors_info=&#8221;{}&#8221;]<\/p>\n<h3 class=\"p1\"><b>ZUSAMMEN.<\/b><b><\/b><\/h3>\n<p class=\"p1\">Wir sind ein familienfreundlicher Betrieb \u2013 nicht nur f\u00fcr unsere G\u00e4ste, sondern auch f\u00fcr unser Team. Wir bieten <span class=\"s1\">tiefe Pensen<\/span>, freie Schichtwahl und arbeiten mit <span class=\"s1\">flexiblen Eins\u00e4tzen<\/span>. Unsere regul\u00e4ren L\u00f6hne sind <span class=\"s1\">transparent und einheitlich.<\/span> Wir arbeiten im Team \u2013 mit <span class=\"s1\">flachen Hierarchien<\/span>, <span class=\"s1\">kurzen Wegen<\/span> und Raum f\u00fcr <span class=\"s1\">eigene Ideen<\/span>. Unsere Mitarbeitenden sind eingeladen, den Betrieb aktiv mitzugestalten.<\/p>\n<p>[\/et_pb_text][et_pb_text _builder_version=&#8221;4.27.4&#8243; _module_preset=&#8221;default&#8221; link_font=&#8221;||||on||||&#8221; link_text_color=&#8221;#212121&#8243; header_2_text_color=&#8221;#212121&#8243; header_3_text_color=&#8221;#212121&#8243; global_colors_info=&#8221;{}&#8221;]<\/p>\n<h3 class=\"p1\"><b>RAUM.<\/b><b><\/b><\/h3>\n<p class=\"p3\">BAR. ist auch ein Projekt zur Gestaltung des \u00f6ffentlichen Raums. Wir beleben den Expo Platz, machen diesen zug\u00e4nglich und lebendig und schaffen ein Ort f\u00fcr <span class=\"s1\">Austausch,<\/span> <span class=\"s1\">Begegnung<\/span> und Zusammensein. Wir sind offen f\u00fcr <span class=\"s1\">Partnerschaften<\/span>, <span class=\"s1\">Kooperationen<\/span> und <span class=\"s1\">lokale Initiativen<\/span>, die sich f\u00fcr eine gemeinschaftliche, nachaltige Stadt einsetzen m\u00f6chten. <a href=\"https:\/\/barparlapapp.ch\/kontakt\">Meldet euch!<\/a><\/p>\n<p>[\/et_pb_text][et_pb_text _builder_version=&#8221;4.27.4&#8243; _module_preset=&#8221;default&#8221; link_font=&#8221;||||on||||&#8221; link_text_color=&#8221;#212121&#8243; header_2_text_color=&#8221;#212121&#8243; header_3_text_color=&#8221;#212121&#8243; global_colors_info=&#8221;{}&#8221;]<\/p>\n<h3 class=\"p1\"><b>VERANTWORTUNG.<\/b><b><\/b><\/h3>\n<p class=\"p3\">Wenn es finanziell drinliegt, unterst\u00fctzen wir Projekte, die unsere Werte teilen und helfen auch mal pers\u00f6nlich, wenn jemand in Not ist.\u00a0F\u00fcr uns geh\u00f6rt soziale Verantwortung zum Alltag \u2013 nicht als Ausnahme, sondern als Haltung.<\/p>\n<p>[\/et_pb_text][\/et_pb_column][\/et_pb_row][\/et_pb_section]<\/p>\n","protected":false},"excerpt":{"rendered":"<p>UNSERE KULTUR. UNSERE WERTE.NACHHALTIGKEIT. Nachhaltigkeit ist f\u00fcr uns kein Schlagwort, sondern der Ausgangspunkt f\u00fcr fast alles, was wir tun. Unsere BAR. basiert auf einer mobilen Infrastruktur, fast ausschliesslich aus zweiter Hand. Wir nutzen \u00d6kostrom, setzen auf recycelte Materialien, verwenden Holz aus der Region und begr\u00fcnen unser Dach.ANGEBOT. Unsere Produkte w\u00e4hlen wir mit Bedacht. Viele davon stammen von kleinen Produzent:innen aus der Region oder\/und sind bioolgisch produziert und fair gehandelt. Wir kennen viele Produzent:innen pers\u00f6nlich \u2013 und m\u00f6chten transparent zeigen, warum wir uns f\u00fcr sie entschieden haben. Besonders stolz sind wir auf unsere grosse Auswahl an zuckerarmen Limonaden, kalten Tees, Kombuchas und alkoholfreien Getr\u00e4nken, die bewusst gew\u00e4hlte Alternativen zum klassischen Angebot darstellen. Auch beim Trinkwasser setzen wir ein Zeichen: Mineral- und Leitungswasser gibt es bei uns kostenlos \u2013 f\u00fcr alle, ganz selbstverst\u00e4ndlich.FINANZIERUNG. Die BAR. wurde durch zahlreiche Mini-Darlehen von Unterst\u00fctzer:innen aus dem Umfeld und unserem privaten eher bescheidenen Ersparten finanziert \u2013 anstelle eines klassischen Bankkredits. Dieses solidarische Modell erm\u00f6glicht Beteiligung und zeigt: Nachhaltigkeit funktioniert auch wirtschaftlich, wenn viele mittragen. MERCI!MITARBEIT. Wir schaffen nach M\u00f6glichkeit Arbeitspl\u00e4tze f\u00fcr Menschen, welche strukturell benachteiligt werden oder sich einen Wiedereinstieg in den Arbeitsmarkt w\u00fcnschen. Hierzu arbeiten wir bspw. mit der Stiftung Diaconis zusammen und bieten entsprechende [&hellip;]<\/p>\n","protected":false},"author":2,"featured_media":0,"parent":0,"menu_order":0,"comment_status":"closed","ping_status":"closed","template":"","meta":{"_et_pb_use_builder":"on","_et_pb_old_content":"","_et_gb_content_width":"","footnotes":""},"class_list":["post-1349","page","type-page","status-publish","hentry"],"_links":{"self":[{"href":"https:\/\/barparlapapp.ch\/fr\/wp-json\/wp\/v2\/pages\/1349","targetHints":{"allow":["GET"]}}],"collection":[{"href":"https:\/\/barparlapapp.ch\/fr\/wp-json\/wp\/v2\/pages"}],"about":[{"href":"https:\/\/barparlapapp.ch\/fr\/wp-json\/wp\/v2\/types\/page"}],"author":[{"embeddable":true,"href":"https:\/\/barparlapapp.ch\/fr\/wp-json\/wp\/v2\/users\/2"}],"replies":[{"embeddable":true,"href":"https:\/\/barparlapapp.ch\/fr\/wp-json\/wp\/v2\/comments?post=1349"}],"version-history":[{"count":12,"href":"https:\/\/barparlapapp.ch\/fr\/wp-json\/wp\/v2\/pages\/1349\/revisions"}],"predecessor-version":[{"id":1414,"href":"https:\/\/barparlapapp.ch\/fr\/wp-json\/wp\/v2\/pages\/1349\/revisions\/1414"}],"wp:attachment":[{"href":"https:\/\/barparlapapp.ch\/fr\/wp-json\/wp\/v2\/media?parent=1349"}],"curies":[{"name":"wp","href":"https:\/\/api.w.org\/{rel}","templated":true}]}}