{"id":844,"date":"2024-04-16T15:51:45","date_gmt":"2024-04-16T15:51:45","guid":{"rendered":"https:\/\/barparlapapp.ch\/?page_id=844"},"modified":"2024-04-16T15:52:56","modified_gmt":"2024-04-16T15:52:56","slug":"ferme","status":"publish","type":"page","link":"https:\/\/barparlapapp.ch\/fr\/geschlossen\/","title":{"rendered":"FERM\u00c9."},"content":{"rendered":"\n[et_pb_section fb_built=&#8221;1&#8243; fullwidth=&#8221;on&#8221; admin_label=&#8221;Header&#8221; _builder_version=&#8221;4.24.0&#8243; _module_preset=&#8221;default&#8221; background_color=&#8221;#212121&#8243; width_tablet=&#8221;&#8221; width_phone=&#8221;&#8221; width_last_edited=&#8221;on|desktop&#8221; max_width_tablet=&#8221;&#8221; max_width_phone=&#8221;&#8221; max_width_last_edited=&#8221;on|desktop&#8221; min_height_tablet=&#8221;&#8221; min_height_phone=&#8221;&#8221; min_height_last_edited=&#8221;on|desktop&#8221; height=&#8221;450px&#8221; height_tablet=&#8221;auto&#8221; height_phone=&#8221;auto&#8221; height_last_edited=&#8221;on|tablet&#8221; max_height_tablet=&#8221;&#8221; max_height_phone=&#8221;&#8221; max_height_last_edited=&#8221;on|desktop&#8221; background_last_edited=&#8221;on|desktop&#8221; module_alignment_tablet=&#8221;&#8221; module_alignment_phone=&#8221;&#8221; module_alignment_last_edited=&#8221;on|desktop&#8221; global_colors_info=&#8221;{}&#8221; theme_builder_area=&#8221;post_content&#8221;][et_pb_fullwidth_header title=&#8221;GESCHLOSSEN.&#8221; subhead=&#8221;Aber wir sind bald wieder f\u00fcr euch da.&#8221; button_one_url=&#8221;https:\/\/barparlapapp.ch\/#mitmachen&#8221; button_two_url=&#8221;https:\/\/barparlapapp.ch\/#mitmachen&#8221; title_tablet=&#8221;BAR.&#8221; title_phone=&#8221;BAR.&#8221; title_last_edited=&#8221;off|desktop&#8221; subhead_tablet=&#8221;Bring die BAR. auf das n\u00e4chste Level. &#8221; subhead_phone=&#8221;Bring die BAR. auf das n\u00e4chste Level. &#8221; subhead_last_edited=&#8221;on|phone&#8221; button_one_text_tablet=&#8221;&#8221; button_one_text_phone=&#8221;&#8221; button_one_text_last_edited=&#8221;on|desktop&#8221; button_two_text_tablet=&#8221;&#8221; button_two_text_phone=&#8221;&#8221; button_two_text_last_edited=&#8221;on|tablet&#8221; logo_image_url_tablet=&#8221;&#8221; logo_image_url_phone=&#8221;&#8221; logo_image_url_last_edited=&#8221;on|phone&#8221; header_image_url_tablet=&#8221;&#8221; header_image_url_phone=&#8221;&#8221; header_image_url_last_edited=&#8221;on|tablet&#8221; content_last_edited=&#8221;off|desktop&#8221; _builder_version=&#8221;4.24.0&#8243; _module_preset=&#8221;default&#8221; title_font=&#8221;|800|||||||&#8221; title_text_color=&#8221;#FFFFFF&#8221; title_font_size=&#8221;130px&#8221; title_line_height=&#8221;1.1em&#8221; content_text_align=&#8221;left&#8221; content_text_color=&#8221;#000000&#8243; subhead_text_color=&#8221;#F6F6F6&#8243; subhead_font_size=&#8221;30px&#8221; subhead_line_height=&#8221;1.3em&#8221; background_color=&#8221;RGBA(255,255,255,0)&#8221; custom_button_one=&#8221;on&#8221; button_one_text_color=&#8221;#212121&#8243; button_one_bg_color=&#8221;#F6F6F6&#8243; button_one_border_width=&#8221;0px&#8221; button_one_font=&#8221;|600|||||||&#8221; button_one_custom_margin_tablet=&#8221;&#8221; button_one_custom_margin_phone=&#8221;&#8221; button_one_custom_margin_last_edited=&#8221;on|desktop&#8221; button_one_custom_padding_tablet=&#8221;&#8221; button_one_custom_padding_phone=&#8221;&#8221; button_one_custom_padding_last_edited=&#8221;on|desktop&#8221; custom_button_two=&#8221;on&#8221; button_two_text_color=&#8221;#212121&#8243; button_two_bg_color=&#8221;#F6F6F6&#8243; button_two_border_width=&#8221;0px&#8221; button_two_font=&#8221;|600|||||||&#8221; button_two_custom_margin_tablet=&#8221;&#8221; button_two_custom_margin_phone=&#8221;&#8221; button_two_custom_margin_last_edited=&#8221;on|desktop&#8221; button_two_custom_padding_tablet=&#8221;&#8221; button_two_custom_padding_phone=&#8221;&#8221; button_two_custom_padding_last_edited=&#8221;on|desktop&#8221; custom_margin_tablet=&#8221;&#8221; custom_margin_phone=&#8221;&#8221; custom_margin_last_edited=&#8221;on|tablet&#8221; custom_padding_tablet=&#8221;||||false|false&#8221; custom_padding_phone=&#8221;||||false|false&#8221; custom_padding_last_edited=&#8221;on|tablet&#8221; title_font_tablet=&#8221;|800|||||||&#8221; title_font_phone=&#8221;|800|||||||&#8221; title_font_last_edited=&#8221;on|desktop&#8221; title_text_align_tablet=&#8221;&#8221; title_text_align_phone=&#8221;&#8221; title_text_align_last_edited=&#8221;on|desktop&#8221; title_text_color_tablet=&#8221;&#8221; title_text_color_phone=&#8221;&#8221; title_text_color_last_edited=&#8221;on|desktop&#8221; title_font_size_tablet=&#8221;100px&#8221; title_font_size_phone=&#8221;50px&#8221; title_font_size_last_edited=&#8221;on|phone&#8221; title_letter_spacing_tablet=&#8221;&#8221; title_letter_spacing_phone=&#8221;&#8221; title_letter_spacing_last_edited=&#8221;on|desktop&#8221; title_line_height_tablet=&#8221;1em&#8221; title_line_height_phone=&#8221;1.1em&#8221; title_line_height_last_edited=&#8221;off|desktop&#8221; content_font_tablet=&#8221;&#8221; content_font_phone=&#8221;&#8221; content_font_last_edited=&#8221;on|desktop&#8221; content_text_align_last_edited=&#8221;off|phone&#8221; content_text_color_tablet=&#8221;#000000&#8243; content_text_color_phone=&#8221;#000000&#8243; content_text_color_last_edited=&#8221;on|desktop&#8221; content_font_size_tablet=&#8221;&#8221; content_font_size_phone=&#8221;&#8221; content_font_size_last_edited=&#8221;on|desktop&#8221; content_letter_spacing_tablet=&#8221;&#8221; content_letter_spacing_phone=&#8221;&#8221; content_letter_spacing_last_edited=&#8221;on|desktop&#8221; content_line_height_tablet=&#8221;&#8221; content_line_height_phone=&#8221;&#8221; content_line_height_last_edited=&#8221;on|desktop&#8221; subhead_font_tablet=&#8221;&#8221; subhead_font_phone=&#8221;&#8221; subhead_font_last_edited=&#8221;on|desktop&#8221; subhead_text_align_tablet=&#8221;&#8221; subhead_text_align_phone=&#8221;&#8221; subhead_text_align_last_edited=&#8221;on|desktop&#8221; subhead_text_color_tablet=&#8221;#F6F6F6&#8243; subhead_text_color_phone=&#8221;#F6F6F6&#8243; subhead_text_color_last_edited=&#8221;on|desktop&#8221; subhead_font_size_tablet=&#8221;22px&#8221; subhead_font_size_phone=&#8221;18px&#8221; subhead_font_size_last_edited=&#8221;on|desktop&#8221; subhead_letter_spacing_tablet=&#8221;&#8221; subhead_letter_spacing_phone=&#8221;&#8221; subhead_letter_spacing_last_edited=&#8221;on|desktop&#8221; subhead_line_height_tablet=&#8221;1.3em&#8221; subhead_line_height_phone=&#8221;1.3em&#8221; subhead_line_height_last_edited=&#8221;on|desktop&#8221; background_last_edited=&#8221;on|desktop&#8221; button_one_text_size_tablet=&#8221;&#8221; button_one_text_size_phone=&#8221;&#8221; button_one_text_size_last_edited=&#8221;on|desktop&#8221; button_one_text_color_tablet=&#8221;#212121&#8243; button_one_text_color_phone=&#8221;#212121&#8243; button_one_text_color_last_edited=&#8221;on|desktop&#8221; button_one_bg_color_tablet=&#8221;#F6F6F6&#8243; button_one_bg_color_phone=&#8221;#F6F6F6&#8243; button_one_bg_color_last_edited=&#8221;on|desktop&#8221; button_one_border_width_tablet=&#8221;0px&#8221; button_one_border_width_phone=&#8221;0px&#8221; button_one_border_width_last_edited=&#8221;on|desktop&#8221; button_one_border_color_tablet=&#8221;&#8221; button_one_border_color_phone=&#8221;&#8221; button_one_border_color_last_edited=&#8221;on|desktop&#8221; button_one_border_radius_tablet=&#8221;&#8221; button_one_border_radius_phone=&#8221;&#8221; button_one_border_radius_last_edited=&#8221;on|desktop&#8221; button_one_letter_spacing_tablet=&#8221;&#8221; button_one_letter_spacing_phone=&#8221;&#8221; button_one_letter_spacing_last_edited=&#8221;on|desktop&#8221; button_one_font_tablet=&#8221;|600|||||||&#8221; button_one_font_phone=&#8221;|600|||||||&#8221; button_one_font_last_edited=&#8221;on|desktop&#8221; button_one_icon_tablet=&#8221;&#8221; button_one_icon_phone=&#8221;&#8221; button_one_icon_last_edited=&#8221;on|desktop&#8221; button_one_icon_color_tablet=&#8221;&#8221; button_one_icon_color_phone=&#8221;&#8221; button_one_icon_color_last_edited=&#8221;on|desktop&#8221; button_one_icon_placement_tablet=&#8221;&#8221; button_one_icon_placement_phone=&#8221;&#8221; button_one_icon_placement_last_edited=&#8221;on|desktop&#8221; button_one_on_hover_tablet=&#8221;&#8221; button_one_on_hover_phone=&#8221;&#8221; button_one_on_hover_last_edited=&#8221;on|desktop&#8221; button_two_text_size_tablet=&#8221;&#8221; button_two_text_size_phone=&#8221;&#8221; button_two_text_size_last_edited=&#8221;on|desktop&#8221; button_two_text_color_tablet=&#8221;#212121&#8243; button_two_text_color_phone=&#8221;#212121&#8243; button_two_text_color_last_edited=&#8221;on|desktop&#8221; button_two_bg_color_tablet=&#8221;#F6F6F6&#8243; button_two_bg_color_phone=&#8221;#F6F6F6&#8243; button_two_bg_color_last_edited=&#8221;on|desktop&#8221; button_two_border_width_tablet=&#8221;0px&#8221; button_two_border_width_phone=&#8221;0px&#8221; button_two_border_width_last_edited=&#8221;on|desktop&#8221; button_two_border_color_tablet=&#8221;&#8221; button_two_border_color_phone=&#8221;&#8221; button_two_border_color_last_edited=&#8221;on|desktop&#8221; button_two_border_radius_tablet=&#8221;&#8221; button_two_border_radius_phone=&#8221;&#8221; button_two_border_radius_last_edited=&#8221;on|desktop&#8221; button_two_letter_spacing_tablet=&#8221;&#8221; button_two_letter_spacing_phone=&#8221;&#8221; button_two_letter_spacing_last_edited=&#8221;on|desktop&#8221; button_two_font_tablet=&#8221;|600|||||||&#8221; button_two_font_phone=&#8221;|600|||||||&#8221; button_two_font_last_edited=&#8221;on|desktop&#8221; button_two_icon_tablet=&#8221;&#8221; button_two_icon_phone=&#8221;&#8221; button_two_icon_last_edited=&#8221;on|desktop&#8221; button_two_icon_color_tablet=&#8221;&#8221; button_two_icon_color_phone=&#8221;&#8221; button_two_icon_color_last_edited=&#8221;on|desktop&#8221; button_two_icon_placement_tablet=&#8221;&#8221; button_two_icon_placement_phone=&#8221;&#8221; button_two_icon_placement_last_edited=&#8221;on|desktop&#8221; button_two_on_hover_tablet=&#8221;&#8221; button_two_on_hover_phone=&#8221;&#8221; button_two_on_hover_last_edited=&#8221;on|desktop&#8221; background_layout_tablet=&#8221;&#8221; background_layout_phone=&#8221;&#8221; background_layout_last_edited=&#8221;on|desktop&#8221; border_radii_tablet=&#8221;&#8221; border_radii_phone=&#8221;&#8221; border_radii_last_edited=&#8221;on|desktop&#8221; border_width_all_tablet=&#8221;&#8221; border_width_all_phone=&#8221;&#8221; border_width_all_last_edited=&#8221;on|desktop&#8221; border_color_all_tablet=&#8221;&#8221; border_color_all_phone=&#8221;&#8221; border_color_all_last_edited=&#8221;on|desktop&#8221; border_style_all_tablet=&#8221;&#8221; border_style_all_phone=&#8221;&#8221; border_style_all_last_edited=&#8221;on|desktop&#8221; global_colors_info=&#8221;{}&#8221; theme_builder_area=&#8221;post_content&#8221;][\/et_pb_fullwidth_header][\/et_pb_section][et_pb_section fb_built=&#8221;1&#8243; admin_label=&#8221;2024 \/ Intro&#8221; module_id=&#8221;ueber&#8221; _builder_version=&#8221;4.23.1&#8243; _module_preset=&#8221;default&#8221; background_color=&#8221;#F6F6F6&#8243; width_last_edited=&#8221;off|desktop&#8221; max_width_last_edited=&#8221;off|desktop&#8221; min_height_last_edited=&#8221;off|desktop&#8221; height_tablet=&#8221;80vh&#8221; height_phone=&#8221;80vh&#8221; height_last_edited=&#8221;off|desktop&#8221; max_height_last_edited=&#8221;off|desktop&#8221; background_last_edited=&#8221;on|desktop&#8221; module_alignment_last_edited=&#8221;off|desktop&#8221; global_colors_info=&#8221;{}&#8221; theme_builder_area=&#8221;post_content&#8221;][et_pb_row custom_padding_last_edited=&#8221;on|desktop&#8221; _builder_version=&#8221;4.23.1&#8243; _module_preset=&#8221;default&#8221; custom_margin=&#8221;||||false|false&#8221; custom_margin_tablet=&#8221;&#8221; custom_margin_phone=&#8221;&#8221; custom_margin_last_edited=&#8221;on|phone&#8221; custom_padding=&#8221;||||false|false&#8221; custom_padding_tablet=&#8221;&#8221; custom_padding_phone=&#8221;&#8221; global_colors_info=&#8221;{}&#8221; theme_builder_area=&#8221;post_content&#8221;][et_pb_column type=&#8221;4_4&#8243; _builder_version=&#8221;4.23.1&#8243; _module_preset=&#8221;default&#8221; global_colors_info=&#8221;{}&#8221; theme_builder_area=&#8221;post_content&#8221;][et_pb_text content_tablet=&#8221;<h1>2024.<\/h1>\n<p><span style=%22font-weight: 400;%22>Im Fr\u00fchjahr 2024 geht die <strong>BAR.<\/strong> in die n\u00e4chste Runde. Du findest uns wie gewohnt auf dem Expoplatz, gerade neben dem Lago Lodge und nur wenige Gehminuten vom Bahnhof Biel entfernt. <\/span><span style=%22font-weight: 400;%22>Mit rund 250 Aussenpl\u00e4tzen wird der Betrieb bei trockenem Wetter <strong>von M\u00e4rz bis Oktober t\u00e4glich offen sein.<\/strong> Geplant sind \u00d6ffnungszeiten von 11:00 bis 23:00 Uhr, von Donnerstag bis Samstag sogar bis 01:00 Uhr.<\/span><\/p>&#8221; content_phone=&#8221;<h1>2024.<\/h1>\n<p><span style=%22font-weight: 400;%22>Im Fr\u00fchjahr 2024 geht die <strong>BAR.<\/strong> in die n\u00e4chste Runde. Du findest uns wie gewohnt auf dem Expoplatz, gerade neben dem Lago Lodge und nur wenige Gehminuten vom Bahnhof Biel entfernt. <\/span><span style=%22font-weight: 400;%22>Mit rund 250 Aussenpl\u00e4tzen wird der Betrieb bei trockenem Wetter <strong>von M\u00e4rz bis Oktober t\u00e4glich offen sein.<\/strong> Geplant sind \u00d6ffnungszeiten von 11:00 bis 23:00 Uhr, von Donnerstag bis Samstag sogar bis 01:00 Uhr.<\/span><\/p>&#8221; content_last_edited=&#8221;off|desktop&#8221; _builder_version=&#8221;4.24.2&#8243; _module_preset=&#8221;default&#8221; text_text_color=&#8221;#000000&#8243; header_font=&#8221;|600|||||||&#8221; header_text_color=&#8221;#000000&#8243; header_line_height=&#8221;1.1em&#8221; header_2_text_color=&#8221;#000000&#8243; width_tablet=&#8221;&#8221; width_phone=&#8221;&#8221; width_last_edited=&#8221;on|desktop&#8221; max_width_tablet=&#8221;&#8221; max_width_phone=&#8221;&#8221; max_width_last_edited=&#8221;on|desktop&#8221; min_height_tablet=&#8221;&#8221; min_height_phone=&#8221;&#8221; min_height_last_edited=&#8221;on|desktop&#8221; height_tablet=&#8221;80vh&#8221; height_phone=&#8221;80vh&#8221; height_last_edited=&#8221;off|phone&#8221; max_height_tablet=&#8221;&#8221; max_height_phone=&#8221;&#8221; max_height_last_edited=&#8221;on|desktop&#8221; text_font_tablet=&#8221;&#8221; text_font_phone=&#8221;&#8221; text_font_last_edited=&#8221;on|desktop&#8221; text_text_color_tablet=&#8221;&#8221; text_text_color_phone=&#8221;&#8221; text_text_color_last_edited=&#8221;on|desktop&#8221; text_font_size_tablet=&#8221;&#8221; text_font_size_phone=&#8221;&#8221; text_font_size_last_edited=&#8221;on|desktop&#8221; text_letter_spacing_tablet=&#8221;&#8221; text_letter_spacing_phone=&#8221;&#8221; text_letter_spacing_last_edited=&#8221;on|desktop&#8221; text_line_height_tablet=&#8221;&#8221; text_line_height_phone=&#8221;&#8221; text_line_height_last_edited=&#8221;on|desktop&#8221; header_font_tablet=&#8221;|600|||||||&#8221; header_font_phone=&#8221;|600|||||||&#8221; header_font_last_edited=&#8221;on|desktop&#8221; header_text_align_tablet=&#8221;&#8221; header_text_align_phone=&#8221;&#8221; header_text_align_last_edited=&#8221;on|desktop&#8221; header_text_color_tablet=&#8221;#000000&#8243; header_text_color_phone=&#8221;#000000&#8243; header_text_color_last_edited=&#8221;on|desktop&#8221; header_font_size_tablet=&#8221;&#8221; header_font_size_phone=&#8221;&#8221; header_font_size_last_edited=&#8221;on|desktop&#8221; header_letter_spacing_tablet=&#8221;&#8221; header_letter_spacing_phone=&#8221;&#8221; header_letter_spacing_last_edited=&#8221;on|desktop&#8221; header_line_height_tablet=&#8221;&#8221; header_line_height_phone=&#8221;&#8221; header_line_height_last_edited=&#8221;on|desktop&#8221; header_2_font_tablet=&#8221;&#8221; header_2_font_phone=&#8221;&#8221; header_2_font_last_edited=&#8221;on|desktop&#8221; header_2_text_align_tablet=&#8221;&#8221; header_2_text_align_phone=&#8221;&#8221; header_2_text_align_last_edited=&#8221;on|desktop&#8221; header_2_text_color_tablet=&#8221;#000000&#8243; header_2_text_color_phone=&#8221;#000000&#8243; header_2_text_color_last_edited=&#8221;on|desktop&#8221; header_2_font_size_tablet=&#8221;&#8221; header_2_font_size_phone=&#8221;&#8221; header_2_font_size_last_edited=&#8221;on|desktop&#8221; header_2_letter_spacing_tablet=&#8221;&#8221; header_2_letter_spacing_phone=&#8221;&#8221; header_2_letter_spacing_last_edited=&#8221;on|desktop&#8221; header_2_line_height_tablet=&#8221;&#8221; header_2_line_height_phone=&#8221;&#8221; header_2_line_height_last_edited=&#8221;on|desktop&#8221; text_orientation_tablet=&#8221;&#8221; text_orientation_phone=&#8221;&#8221; text_orientation_last_edited=&#8221;on|desktop&#8221; background_layout_tablet=&#8221;&#8221; background_layout_phone=&#8221;&#8221; background_layout_last_edited=&#8221;on|desktop&#8221; module_alignment_tablet=&#8221;&#8221; module_alignment_phone=&#8221;&#8221; module_alignment_last_edited=&#8221;on|desktop&#8221; global_colors_info=&#8221;{}&#8221; theme_builder_area=&#8221;post_content&#8221;]<h2><strong>\u00d6FFNUNGSZEITEN<br \/><\/strong><\/h2>\n<p><span style=\"font-weight: 400;\">Unsere regul\u00e4ren \u00d6ffnungszeiten bei trockenem Wetter<\/span><span style=\"font-weight: 400;\"><\/span><\/p>\n<p><span style=\"font-weight: 400;\">Mo-Mi von 15.00 &#8211; 22.30<br \/><\/span><\/p>\n<p><span style=\"font-weight: 400;\">Do-So von 15.00 &#8211; 00.30<\/span><\/p>[\/et_pb_text][\/et_pb_column][\/et_pb_row][\/et_pb_section]\n","protected":false},"excerpt":{"rendered":"<p>\u00d6FFNUNGSZEITEN Unsere regul\u00e4ren \u00d6ffnungszeiten bei trockenem Wetter Mo-Mi von 15.00 &#8211; 22.30 Do-So von 15.00 &#8211; 00.30<\/p>","protected":false},"author":2,"featured_media":0,"parent":0,"menu_order":0,"comment_status":"closed","ping_status":"closed","template":"","meta":{"_et_pb_use_builder":"on","_et_pb_old_content":"","_et_gb_content_width":"","footnotes":""},"class_list":["post-844","page","type-page","status-publish","hentry"],"_links":{"self":[{"href":"https:\/\/barparlapapp.ch\/fr\/wp-json\/wp\/v2\/pages\/844","targetHints":{"allow":["GET"]}}],"collection":[{"href":"https:\/\/barparlapapp.ch\/fr\/wp-json\/wp\/v2\/pages"}],"about":[{"href":"https:\/\/barparlapapp.ch\/fr\/wp-json\/wp\/v2\/types\/page"}],"author":[{"embeddable":true,"href":"https:\/\/barparlapapp.ch\/fr\/wp-json\/wp\/v2\/users\/2"}],"replies":[{"embeddable":true,"href":"https:\/\/barparlapapp.ch\/fr\/wp-json\/wp\/v2\/comments?post=844"}],"version-history":[{"count":3,"href":"https:\/\/barparlapapp.ch\/fr\/wp-json\/wp\/v2\/pages\/844\/revisions"}],"predecessor-version":[{"id":848,"href":"https:\/\/barparlapapp.ch\/fr\/wp-json\/wp\/v2\/pages\/844\/revisions\/848"}],"wp:attachment":[{"href":"https:\/\/barparlapapp.ch\/fr\/wp-json\/wp\/v2\/media?parent=844"}],"curies":[{"name":"wp","href":"https:\/\/api.w.org\/{rel}","templated":true}]}}